{"id":855,"date":"2024-07-08T02:00:28","date_gmt":"2024-07-08T01:00:28","guid":{"rendered":"https:\/\/whopp.org\/notre-equipe\/"},"modified":"2026-01-31T05:07:04","modified_gmt":"2026-01-31T04:07:04","slug":"notre-equipe","status":"publish","type":"page","link":"https:\/\/whopp.org\/fr\/notre-equipe\/","title":{"rendered":"Notre \u00e9quipe"},"content":{"rendered":"<p>[et_pb_section fb_built=\u00a0\u00bb1&Prime; custom_padding_last_edited=\u00a0\u00bbon|tablet\u00a0\u00bb next_background_color=\u00a0\u00bb#ffffff\u00a0\u00bb admin_label=\u00a0\u00bbHero\u00a0\u00bb _builder_version=\u00a0\u00bb4.16&Prime; background_enable_color=\u00a0\u00bboff\u00a0\u00bb use_background_color_gradient=\u00a0\u00bbon\u00a0\u00bb background_color_gradient_type=\u00a0\u00bbcircular\u00a0\u00bb background_color_gradient_direction_radial=\u00a0\u00bbtop right\u00a0\u00bb background_color_gradient_stops=\u00a0\u00bbrgba(255,255,255,0) 20%|#ef0317 100%\u00a0\u00bb background_color_gradient_overlays_image=\u00a0\u00bbon\u00a0\u00bb background_color_gradient_start=\u00a0\u00bbrgba(255,255,255,0)\u00a0\u00bb background_color_gradient_start_position=\u00a0\u00bb20%\u00a0\u00bb background_color_gradient_end=\u00a0\u00bb#ef0317&Prime; background_image=\u00a0\u00bbhttps:\/\/whopp.org\/wp-content\/uploads\/pharmacy-20.jpg\u00a0\u00bb custom_padding=\u00a0\u00bb110px|0px|160px|0px|false|false\u00a0\u00bb custom_padding_tablet=\u00a0\u00bb50px||50px||true\u00a0\u00bb custom_padding_phone=\u00a0\u00bb|||\u00a0\u00bb bottom_divider_style=\u00a0\u00bbasymmetric\u00a0\u00bb bottom_divider_height=\u00a0\u00bb50px\u00a0\u00bb bottom_divider_flip=\u00a0\u00bbhorizontal\u00a0\u00bb bottom_divider_height_tablet=\u00a0\u00bb90px\u00a0\u00bb bottom_divider_height_phone=\u00a0\u00bb80px\u00a0\u00bb global_colors_info=\u00a0\u00bb{}\u00a0\u00bb][et_pb_row column_structure=\u00a0\u00bb2_3,1_3&Prime; _builder_version=\u00a0\u00bb4.16&Prime; custom_width_px=\u00a0\u00bb1280px\u00a0\u00bb global_colors_info=\u00a0\u00bb{}\u00a0\u00bb][et_pb_column type=\u00a0\u00bb2_3&Prime; _builder_version=\u00a0\u00bb4.16&Prime; custom_padding=\u00a0\u00bb|||\u00a0\u00bb global_colors_info=\u00a0\u00bb{}\u00a0\u00bb custom_padding__hover=\u00a0\u00bb|||\u00a0\u00bb][et_pb_text _builder_version=\u00a0\u00bb4.16&Prime; text_font=\u00a0\u00bbMontserrat||||||||\u00a0\u00bb text_text_color=\u00a0\u00bbrgba(255,255,255,0.7)\u00a0\u00bb text_font_size=\u00a0\u00bb20px\u00a0\u00bb text_line_height=\u00a0\u00bb1.8em\u00a0\u00bb header_font=\u00a0\u00bbMontserrat|700|||||||\u00a0\u00bb header_font_size=\u00a0\u00bb44px\u00a0\u00bb header_line_height=\u00a0\u00bb1.4em\u00a0\u00bb header_6_font=\u00a0\u00bbMontserrat|600||on|||||\u00a0\u00bb header_6_text_color=\u00a0\u00bbrgba(255,255,255,0.7)\u00a0\u00bb header_6_font_size=\u00a0\u00bb16px\u00a0\u00bb header_6_letter_spacing=\u00a0\u00bb2px\u00a0\u00bb header_6_line_height=\u00a0\u00bb1.5em\u00a0\u00bb background_layout=\u00a0\u00bbdark\u00a0\u00bb max_width=\u00a0\u00bb780px\u00a0\u00bb text_font_size_tablet=\u00a0\u00bb\u00a0\u00bb text_font_size_phone=\u00a0\u00bb15px\u00a0\u00bb text_font_size_last_edited=\u00a0\u00bbon|phone\u00a0\u00bb header_font_size_tablet=\u00a0\u00bb\u00a0\u00bb header_font_size_phone=\u00a0\u00bb28px\u00a0\u00bb header_font_size_last_edited=\u00a0\u00bbon|phone\u00a0\u00bb global_colors_info=\u00a0\u00bb{}\u00a0\u00bb]<\/p>\n<h6>WHOPP International <\/h6>\n<h1>Rencontrez notre \u00e9quipe<\/h1>\n<p>Des professionnels \u00e0 votre service<\/p>\n<p>[\/et_pb_text][\/et_pb_column][et_pb_column type=\u00a0\u00bb1_3&Prime; _builder_version=\u00a0\u00bb4.16&Prime; custom_padding=\u00a0\u00bb|||\u00a0\u00bb global_colors_info=\u00a0\u00bb{}\u00a0\u00bb custom_padding__hover=\u00a0\u00bb|||\u00a0\u00bb][\/et_pb_column][\/et_pb_row][\/et_pb_section][et_pb_section fb_built=\u00a0\u00bb1&Prime; _builder_version=\u00a0\u00bb4.26.0&Prime; _module_preset=\u00a0\u00bbdefault\u00a0\u00bb collapsed=\u00a0\u00bbon\u00a0\u00bb global_colors_info=\u00a0\u00bb{}\u00a0\u00bb][et_pb_row column_structure=\u00a0\u00bb1_2,1_2&Prime; make_equal=\u00a0\u00bbon\u00a0\u00bb module_class=\u00a0\u00bbreverse\u00a0\u00bb _builder_version=\u00a0\u00bb4.26.0&Prime; _module_preset=\u00a0\u00bbdefault\u00a0\u00bb global_colors_info=\u00a0\u00bb{}\u00a0\u00bb][et_pb_column type=\u00a0\u00bb1_2&Prime; _builder_version=\u00a0\u00bb4.26.0&Prime; _module_preset=\u00a0\u00bbdefault\u00a0\u00bb global_colors_info=\u00a0\u00bb{}\u00a0\u00bb][et_pb_team_member name=\u00a0\u00bbGeorges Koch De la Torre\u00a0\u00bb position=\u00a0\u00bbAssoci\u00e9 Directeur\u00a0\u00bb _builder_version=\u00a0\u00bb4.27.0&Prime; _module_preset=\u00a0\u00bbdefault\u00a0\u00bb db_link_target=\u00a0\u00bbon\u00a0\u00bb global_colors_info=\u00a0\u00bb{}\u00a0\u00bb]<\/p>\n<p>Geneva, Switzerland \/ Ginebra Suiza<\/p>\n<p>Georges Koch De la Torre est associ\u00e9 directeur g\u00e9n\u00e9ral de World Health Opportunities whopp.org. Il poss\u00e8de une grande expertise dans le domaine du d\u00e9veloppement des entreprises internationales et dans le domaine social \u00e0 l&rsquo;\u00e9chelle mondiale.<\/p>\n<p>Originaire de Quito, \u00c9quateur, et d&rsquo;origine suisse, apr\u00e8s avoir obtenu son baccalaur\u00e9at scientifique \u00e0 Quito, il est parti \u00e0 B\u00e2le pour apprendre l&rsquo;allemand. Il est ensuite retourn\u00e9 en \u00c9quateur pour \u00e9tudier les deux premi\u00e8res ann\u00e9es de m\u00e9decine \u00e0 l&rsquo;universit\u00e9 centrale de Quito, puis a continu\u00e9 \u00e0 la facult\u00e9 de m\u00e9decine de l&rsquo;universit\u00e9 de Lausanne. Il a \u00e9galement fr\u00e9quent\u00e9 l&rsquo;\u00e9cole d&rsquo;ost\u00e9opathie de Belmont et la facult\u00e9 de langues, o\u00f9 il a \u00e9tudi\u00e9 le fran\u00e7ais, l&rsquo;italien et le portugais. Pendant ses \u00e9tudes, il a fait partie de l&rsquo;\u00e9quipe m\u00e9dicale des pompiers de Lausanne et a \u00e9galement \u00e9t\u00e9 sous-officier des troupes m\u00e9dicales de l&rsquo;arm\u00e9e suisse.<\/p>\n<p>Passionn\u00e9 de voyages, il change de carri\u00e8re, \u00e9tudie et obtient son dipl\u00f4me \u00e0 l&rsquo;EHL \u00c9cole H\u00f4teli\u00e8re de Lausanne, la premi\u00e8re \u00e9cole de management h\u00f4telier au monde. Il commence ensuite \u00e0 travailler au CHUV de Lausanne, chez Nestl\u00e9 Nespresso, et voyage en Tha\u00eflande, o\u00f9 il participe \u00e0 l&rsquo;ouverture de plusieurs h\u00f4tels 5 \u00e9toiles et villas de luxe. Pendant ses 12 ann\u00e9es en Asie, il fait partie de la Police Royale de l&rsquo;Immigration Tha\u00eflandaise. De retour en Suisse depuis quelques ann\u00e9es, il est bas\u00e9 \u00e0 Martigny, o\u00f9 il a ouvert whopp.org. Aujourd&rsquo;hui, il g\u00e8re un complexe d&rsquo;aide sociale et fait partie de Skal International dans le monde entier en tant que directeur adjoint et pr\u00e9sident de Skal International Montreux Vevey.<\/p>\n<p>[\/et_pb_team_member][\/et_pb_column][et_pb_column type=\u00a0\u00bb1_2&Prime; _builder_version=\u00a0\u00bb4.26.0&Prime; _module_preset=\u00a0\u00bbdefault\u00a0\u00bb global_colors_info=\u00a0\u00bb{}\u00a0\u00bb][et_pb_image src=\u00a0\u00bbhttps:\/\/whopp.org\/wp-content\/uploads\/Georges-Koch-De-la-Torre.png\u00a0\u00bb alt=\u00a0\u00bbGeorges Koch De la Torre\u00a0\u00bb title_text=\u00a0\u00bbGeorges Koch De la Torre\u00a0\u00bb align=\u00a0\u00bbcenter\u00a0\u00bb _builder_version=\u00a0\u00bb4.26.0&Prime; _module_preset=\u00a0\u00bbdefault\u00a0\u00bb custom_padding_tablet=\u00a0\u00bb||30px||false|false\u00a0\u00bb custom_padding_phone=\u00a0\u00bb||30px||false|false\u00a0\u00bb custom_padding_last_edited=\u00a0\u00bbon|tablet\u00a0\u00bb global_colors_info=\u00a0\u00bb{}\u00a0\u00bb][\/et_pb_image][\/et_pb_column][\/et_pb_row][\/et_pb_section][et_pb_section fb_built=\u00a0\u00bb1&Prime; _builder_version=\u00a0\u00bb4.26.0&Prime; _module_preset=\u00a0\u00bbdefault\u00a0\u00bb global_colors_info=\u00a0\u00bb{}\u00a0\u00bb][et_pb_row column_structure=\u00a0\u00bb1_2,1_2&Prime; make_equal=\u00a0\u00bbon\u00a0\u00bb _builder_version=\u00a0\u00bb4.26.0&Prime; _module_preset=\u00a0\u00bbdefault\u00a0\u00bb global_colors_info=\u00a0\u00bb{}\u00a0\u00bb][et_pb_column type=\u00a0\u00bb1_2&Prime; _builder_version=\u00a0\u00bb4.26.0&Prime; _module_preset=\u00a0\u00bbdefault\u00a0\u00bb global_colors_info=\u00a0\u00bb{}\u00a0\u00bb][et_pb_image src=\u00a0\u00bbhttps:\/\/whopp.org\/wp-content\/uploads\/Eric-Ballestraz.png\u00a0\u00bb alt=\u00a0\u00bbEric Ballestraz\u00a0\u00bb title_text=\u00a0\u00bbEric Ballestraz\u00a0\u00bb align=\u00a0\u00bbcenter\u00a0\u00bb _builder_version=\u00a0\u00bb4.26.0&Prime; _module_preset=\u00a0\u00bbdefault\u00a0\u00bb custom_padding_tablet=\u00a0\u00bb||30px||false|false\u00a0\u00bb custom_padding_phone=\u00a0\u00bb||30px||false|false\u00a0\u00bb custom_padding_last_edited=\u00a0\u00bbon|tablet\u00a0\u00bb global_colors_info=\u00a0\u00bb{}\u00a0\u00bb][\/et_pb_image][\/et_pb_column][et_pb_column type=\u00a0\u00bb1_2&Prime; _builder_version=\u00a0\u00bb4.26.0&Prime; _module_preset=\u00a0\u00bbdefault\u00a0\u00bb global_colors_info=\u00a0\u00bb{}\u00a0\u00bb][et_pb_team_member name=\u00a0\u00bbEric Ballestraz\u00a0\u00bb position=\u00a0\u00bbAssoci\u00e9 Directeur\u00a0\u00bb _builder_version=\u00a0\u00bb4.27.0&Prime; _module_preset=\u00a0\u00bbdefault\u00a0\u00bb db_link_target=\u00a0\u00bbon\u00a0\u00bb global_colors_info=\u00a0\u00bb{}\u00a0\u00bb]<\/p>\n<p>Boston USA \/ Boston EE.UU<\/p>\n<p>Eric Ballestraz est associ\u00e9 directeur de World Health Opportunities. Il poss\u00e8de une vaste expertise en d\u00e9veloppement commercial international pour les produits pharmaceutiques, avec un accent particulier sur des r\u00e9gions cl\u00e9s telles que l&rsquo;Europe, l&rsquo;Asie, le Moyen-Orient et l&rsquo;Am\u00e9rique latine. Auparavant, il a occup\u00e9 le poste de Vice-Pr\u00e9sident pour l&rsquo;Am\u00e9rique latine chez la multinationale suisse Octapharma AG, o\u00f9 il a men\u00e9 avec succ\u00e8s l&rsquo;expansion commerciale d&rsquo;Octapharma en Am\u00e9rique du Sud, travaillant en \u00e9troite collaboration avec des partenaires locaux en Colombie, en \u00c9quateur, au Venezuela, en Argentine et au Chili.<\/p>\n<p>Eric a \u00e9galement occup\u00e9 des postes cl\u00e9s dans des entreprises r\u00e9put\u00e9es telles que la soci\u00e9t\u00e9 technologique fran\u00e7aise Biolog-id, la soci\u00e9t\u00e9 de t\u00e9l\u00e9communications Peoplefone AG et Nestl\u00e9 AG. Il est titulaire d&rsquo;un MBA de l&rsquo;Universit\u00e9 de Chicago School of Business et d&rsquo;un dipl\u00f4me en administration des affaires de l&rsquo;Universit\u00e9 de St. Gallen (HSG) en Suisse.<br \/>Actuellement bas\u00e9 \u00e0 Boston, aux \u00c9tats-Unis, Eric vit avec sa femme \u00e9quatorienne et leurs deux enfants.<\/p>\n<p>[\/et_pb_team_member][\/et_pb_column][\/et_pb_row][\/et_pb_section]<\/p>\n","protected":false},"excerpt":{"rendered":"<p>WHOPP International Rencontrez notre \u00e9quipe Des professionnels \u00e0 votre serviceGeneva, Switzerland \/ Ginebra Suiza Georges Koch De la Torre est associ\u00e9 directeur g\u00e9n\u00e9ral de World Health Opportunities whopp.org. Il poss\u00e8de une grande expertise dans le domaine du d\u00e9veloppement des entreprises internationales et dans le domaine social \u00e0 l&rsquo;\u00e9chelle mondiale. Originaire de Quito, \u00c9quateur, et d&rsquo;origine [&hellip;]<\/p>\n","protected":false},"author":1,"featured_media":0,"parent":0,"menu_order":0,"comment_status":"closed","ping_status":"closed","template":"","meta":{"_et_pb_use_builder":"on","_et_pb_old_content":"","_et_gb_content_width":"","inline_featured_image":false,"footnotes":""},"class_list":["post-855","page","type-page","status-publish","hentry"],"yoast_head":"<!-- This site is optimized with the Yoast SEO plugin v27.5 - https:\/\/yoast.com\/product\/yoast-seo-wordpress\/ -->\n<title>Notre \u00e9quipe - Worldwide Health Opportunities<\/title>\n<meta name=\"robots\" content=\"index, follow, max-snippet:-1, max-image-preview:large, max-video-preview:-1\" \/>\n<link rel=\"canonical\" href=\"https:\/\/whopp.org\/fr\/notre-equipe\/\" \/>\n<meta property=\"og:locale\" content=\"fr_FR\" \/>\n<meta property=\"og:type\" content=\"article\" \/>\n<meta property=\"og:title\" content=\"Notre \u00e9quipe - Worldwide Health Opportunities\" \/>\n<meta property=\"og:description\" content=\"WHOPP International Rencontrez notre \u00e9quipe Des professionnels \u00e0 votre serviceGeneva, Switzerland \/ Ginebra Suiza Georges Koch De la Torre est associ\u00e9 directeur g\u00e9n\u00e9ral de World Health Opportunities whopp.org. Il poss\u00e8de une grande expertise dans le domaine du d\u00e9veloppement des entreprises internationales et dans le domaine social \u00e0 l&#039;\u00e9chelle mondiale. Originaire de Quito, \u00c9quateur, et d&#039;origine [&hellip;]\" \/>\n<meta property=\"og:url\" content=\"https:\/\/whopp.org\/fr\/notre-equipe\/\" \/>\n<meta property=\"og:site_name\" content=\"Worldwide Health Opportunities\" \/>\n<meta property=\"article:publisher\" content=\"https:\/\/www.facebook.com\/WHOPP.ORG\/\" \/>\n<meta property=\"article:modified_time\" content=\"2026-01-31T04:07:04+00:00\" \/>\n<meta name=\"twitter:card\" content=\"summary_large_image\" \/>\n<script type=\"application\/ld+json\" class=\"yoast-schema-graph\">{\"@context\":\"https:\\\/\\\/schema.org\",\"@graph\":[{\"@type\":\"WebPage\",\"@id\":\"https:\\\/\\\/whopp.org\\\/fr\\\/notre-equipe\\\/\",\"url\":\"https:\\\/\\\/whopp.org\\\/fr\\\/notre-equipe\\\/\",\"name\":\"Notre \u00e9quipe - Worldwide Health Opportunities\",\"isPartOf\":{\"@id\":\"https:\\\/\\\/whopp.org\\\/#website\"},\"datePublished\":\"2024-07-08T01:00:28+00:00\",\"dateModified\":\"2026-01-31T04:07:04+00:00\",\"breadcrumb\":{\"@id\":\"https:\\\/\\\/whopp.org\\\/fr\\\/notre-equipe\\\/#breadcrumb\"},\"inLanguage\":\"fr-FR\",\"potentialAction\":[{\"@type\":\"ReadAction\",\"target\":[\"https:\\\/\\\/whopp.org\\\/fr\\\/notre-equipe\\\/\"]}]},{\"@type\":\"BreadcrumbList\",\"@id\":\"https:\\\/\\\/whopp.org\\\/fr\\\/notre-equipe\\\/#breadcrumb\",\"itemListElement\":[{\"@type\":\"ListItem\",\"position\":1,\"name\":\"Accueil\",\"item\":\"https:\\\/\\\/whopp.org\\\/fr\\\/accueil\\\/\"},{\"@type\":\"ListItem\",\"position\":2,\"name\":\"Notre \u00e9quipe\"}]},{\"@type\":\"WebSite\",\"@id\":\"https:\\\/\\\/whopp.org\\\/#website\",\"url\":\"https:\\\/\\\/whopp.org\\\/\",\"name\":\"Worldwide Health Opportunities\",\"description\":\"No one shall be denied affordable medicines\",\"publisher\":{\"@id\":\"https:\\\/\\\/whopp.org\\\/#organization\"},\"potentialAction\":[{\"@type\":\"SearchAction\",\"target\":{\"@type\":\"EntryPoint\",\"urlTemplate\":\"https:\\\/\\\/whopp.org\\\/?s={search_term_string}\"},\"query-input\":{\"@type\":\"PropertyValueSpecification\",\"valueRequired\":true,\"valueName\":\"search_term_string\"}}],\"inLanguage\":\"fr-FR\"},{\"@type\":\"Organization\",\"@id\":\"https:\\\/\\\/whopp.org\\\/#organization\",\"name\":\"Worldwide Health Opportunities S\u00e0rl\",\"url\":\"https:\\\/\\\/whopp.org\\\/\",\"logo\":{\"@type\":\"ImageObject\",\"inLanguage\":\"fr-FR\",\"@id\":\"https:\\\/\\\/whopp.org\\\/#\\\/schema\\\/logo\\\/image\\\/\",\"url\":\"https:\\\/\\\/whopp.org\\\/wp-content\\\/uploads\\\/Worldwide-Health-Opportunities-LOGO-Retina.png\",\"contentUrl\":\"https:\\\/\\\/whopp.org\\\/wp-content\\\/uploads\\\/Worldwide-Health-Opportunities-LOGO-Retina.png\",\"width\":500,\"height\":150,\"caption\":\"Worldwide Health Opportunities S\u00e0rl\"},\"image\":{\"@id\":\"https:\\\/\\\/whopp.org\\\/#\\\/schema\\\/logo\\\/image\\\/\"},\"sameAs\":[\"https:\\\/\\\/www.facebook.com\\\/WHOPP.ORG\\\/\",\"https:\\\/\\\/www.instagram.com\\\/worldwidehealthopportunities\\\/\",\"https:\\\/\\\/www.linkedin.com\\\/company\\\/worldwide-health-opportunities-whopp\",\"https:\\\/\\\/www.youtube.com\\\/channel\\\/UCzSrk4-_JstEAna3QA8QmuA\"]}]}<\/script>\n<!-- \/ Yoast SEO plugin. -->","yoast_head_json":{"title":"Notre \u00e9quipe - Worldwide Health Opportunities","robots":{"index":"index","follow":"follow","max-snippet":"max-snippet:-1","max-image-preview":"max-image-preview:large","max-video-preview":"max-video-preview:-1"},"canonical":"https:\/\/whopp.org\/fr\/notre-equipe\/","og_locale":"fr_FR","og_type":"article","og_title":"Notre \u00e9quipe - Worldwide Health Opportunities","og_description":"WHOPP International Rencontrez notre \u00e9quipe Des professionnels \u00e0 votre serviceGeneva, Switzerland \/ Ginebra Suiza Georges Koch De la Torre est associ\u00e9 directeur g\u00e9n\u00e9ral de World Health Opportunities whopp.org. Il poss\u00e8de une grande expertise dans le domaine du d\u00e9veloppement des entreprises internationales et dans le domaine social \u00e0 l'\u00e9chelle mondiale. Originaire de Quito, \u00c9quateur, et d'origine [&hellip;]","og_url":"https:\/\/whopp.org\/fr\/notre-equipe\/","og_site_name":"Worldwide Health Opportunities","article_publisher":"https:\/\/www.facebook.com\/WHOPP.ORG\/","article_modified_time":"2026-01-31T04:07:04+00:00","twitter_card":"summary_large_image","schema":{"@context":"https:\/\/schema.org","@graph":[{"@type":"WebPage","@id":"https:\/\/whopp.org\/fr\/notre-equipe\/","url":"https:\/\/whopp.org\/fr\/notre-equipe\/","name":"Notre \u00e9quipe - Worldwide Health Opportunities","isPartOf":{"@id":"https:\/\/whopp.org\/#website"},"datePublished":"2024-07-08T01:00:28+00:00","dateModified":"2026-01-31T04:07:04+00:00","breadcrumb":{"@id":"https:\/\/whopp.org\/fr\/notre-equipe\/#breadcrumb"},"inLanguage":"fr-FR","potentialAction":[{"@type":"ReadAction","target":["https:\/\/whopp.org\/fr\/notre-equipe\/"]}]},{"@type":"BreadcrumbList","@id":"https:\/\/whopp.org\/fr\/notre-equipe\/#breadcrumb","itemListElement":[{"@type":"ListItem","position":1,"name":"Accueil","item":"https:\/\/whopp.org\/fr\/accueil\/"},{"@type":"ListItem","position":2,"name":"Notre \u00e9quipe"}]},{"@type":"WebSite","@id":"https:\/\/whopp.org\/#website","url":"https:\/\/whopp.org\/","name":"Worldwide Health Opportunities","description":"No one shall be denied affordable medicines","publisher":{"@id":"https:\/\/whopp.org\/#organization"},"potentialAction":[{"@type":"SearchAction","target":{"@type":"EntryPoint","urlTemplate":"https:\/\/whopp.org\/?s={search_term_string}"},"query-input":{"@type":"PropertyValueSpecification","valueRequired":true,"valueName":"search_term_string"}}],"inLanguage":"fr-FR"},{"@type":"Organization","@id":"https:\/\/whopp.org\/#organization","name":"Worldwide Health Opportunities S\u00e0rl","url":"https:\/\/whopp.org\/","logo":{"@type":"ImageObject","inLanguage":"fr-FR","@id":"https:\/\/whopp.org\/#\/schema\/logo\/image\/","url":"https:\/\/whopp.org\/wp-content\/uploads\/Worldwide-Health-Opportunities-LOGO-Retina.png","contentUrl":"https:\/\/whopp.org\/wp-content\/uploads\/Worldwide-Health-Opportunities-LOGO-Retina.png","width":500,"height":150,"caption":"Worldwide Health Opportunities S\u00e0rl"},"image":{"@id":"https:\/\/whopp.org\/#\/schema\/logo\/image\/"},"sameAs":["https:\/\/www.facebook.com\/WHOPP.ORG\/","https:\/\/www.instagram.com\/worldwidehealthopportunities\/","https:\/\/www.linkedin.com\/company\/worldwide-health-opportunities-whopp","https:\/\/www.youtube.com\/channel\/UCzSrk4-_JstEAna3QA8QmuA"]}]}},"_links":{"self":[{"href":"https:\/\/whopp.org\/fr\/wp-json\/wp\/v2\/pages\/855","targetHints":{"allow":["GET"]}}],"collection":[{"href":"https:\/\/whopp.org\/fr\/wp-json\/wp\/v2\/pages"}],"about":[{"href":"https:\/\/whopp.org\/fr\/wp-json\/wp\/v2\/types\/page"}],"author":[{"embeddable":true,"href":"https:\/\/whopp.org\/fr\/wp-json\/wp\/v2\/users\/1"}],"replies":[{"embeddable":true,"href":"https:\/\/whopp.org\/fr\/wp-json\/wp\/v2\/comments?post=855"}],"version-history":[{"count":10,"href":"https:\/\/whopp.org\/fr\/wp-json\/wp\/v2\/pages\/855\/revisions"}],"predecessor-version":[{"id":1083,"href":"https:\/\/whopp.org\/fr\/wp-json\/wp\/v2\/pages\/855\/revisions\/1083"}],"wp:attachment":[{"href":"https:\/\/whopp.org\/fr\/wp-json\/wp\/v2\/media?parent=855"}],"curies":[{"name":"wp","href":"https:\/\/api.w.org\/{rel}","templated":true}]}}