{"id":599,"date":"2022-03-04T09:32:34","date_gmt":"2022-03-04T08:32:34","guid":{"rendered":"https:\/\/whopp.sbs\/?page_id=599"},"modified":"2022-03-04T09:32:36","modified_gmt":"2022-03-04T08:32:36","slug":"politique-de-confidentialite","status":"publish","type":"page","link":"https:\/\/whopp.org\/fr\/politique-de-confidentialite\/","title":{"rendered":"Politique de confidentialit\u00e9"},"content":{"rendered":"\n<p>whopp.org , la protection des donn\u00e9es est l&rsquo;une de nos principales priorit\u00e9s !<\/p>\n\n\n\n<p>\u00c0 whopp.org , nous savons que le traitement m\u00e9ticuleux de vos informations personnelles est important pour vous et pour nous. Nous appr\u00e9cions donc votre confiance dans le fait que whopp.org traitera ces informations de mani\u00e8re consciencieuse.<\/p>\n\n\n\n<p>Nous vous informons ci-apr\u00e8s de la collecte de donn\u00e9es personnelles lors de l&rsquo;utilisation de notre site web. Les donn\u00e9es personnelles sont toutes les donn\u00e9es qui peuvent \u00eatre reli\u00e9es \u00e0 vous personnellement, par exemple le nom, l&rsquo;adresse, les adresses \u00e9lectroniques, le comportement de l&rsquo;utilisateur, etc. Nous avons pris d&rsquo;importantes mesures de s\u00e9curit\u00e9 techniques et op\u00e9rationnelles pour prot\u00e9ger vos donn\u00e9es contre toute manipulation accidentelle ou d\u00e9lib\u00e9r\u00e9e, perte, destruction ou acc\u00e8s par des personnes non autoris\u00e9es. Nos proc\u00e9dures de s\u00e9curit\u00e9 sont r\u00e9guli\u00e8rement v\u00e9rifi\u00e9es et adapt\u00e9es aux progr\u00e8s technologiques.<\/p>\n\n\n\n<div style=\"height:100px\" aria-hidden=\"true\" class=\"wp-block-spacer\"><\/div>\n","protected":false},"excerpt":{"rendered":"<p>whopp.org , la protection des donn\u00e9es est l&rsquo;une de nos principales priorit\u00e9s ! \u00c0 whopp.org , nous savons que le traitement m\u00e9ticuleux de vos informations personnelles est important pour vous et pour nous. Nous appr\u00e9cions donc votre confiance dans le fait que whopp.org traitera ces informations de mani\u00e8re consciencieuse. Nous vous informons ci-apr\u00e8s de la [&hellip;]<\/p>\n","protected":false},"author":1,"featured_media":0,"parent":0,"menu_order":0,"comment_status":"closed","ping_status":"open","template":"","meta":{"_et_pb_use_builder":"","_et_pb_old_content":"","_et_gb_content_width":"","inline_featured_image":false,"footnotes":""},"class_list":["post-599","page","type-page","status-publish","hentry"],"yoast_head":"<!-- This site is optimized with the Yoast SEO plugin v27.4 - https:\/\/yoast.com\/product\/yoast-seo-wordpress\/ -->\n<title>Politique de confidentialit\u00e9 - Worldwide Health Opportunities<\/title>\n<meta name=\"robots\" content=\"index, follow, max-snippet:-1, max-image-preview:large, max-video-preview:-1\" \/>\n<link rel=\"canonical\" href=\"https:\/\/whopp.org\/fr\/politique-de-confidentialite\/\" \/>\n<meta property=\"og:locale\" content=\"fr_FR\" \/>\n<meta property=\"og:type\" content=\"article\" \/>\n<meta property=\"og:title\" content=\"Politique de confidentialit\u00e9 - Worldwide Health Opportunities\" \/>\n<meta property=\"og:description\" content=\"whopp.org , la protection des donn\u00e9es est l&rsquo;une de nos principales priorit\u00e9s ! \u00c0 whopp.org , nous savons que le traitement m\u00e9ticuleux de vos informations personnelles est important pour vous et pour nous. Nous appr\u00e9cions donc votre confiance dans le fait que whopp.org traitera ces informations de mani\u00e8re consciencieuse. Nous vous informons ci-apr\u00e8s de la [&hellip;]\" \/>\n<meta property=\"og:url\" content=\"https:\/\/whopp.org\/fr\/politique-de-confidentialite\/\" \/>\n<meta property=\"og:site_name\" content=\"Worldwide Health Opportunities\" \/>\n<meta property=\"article:publisher\" content=\"https:\/\/www.facebook.com\/WHOPP.ORG\/\" \/>\n<meta property=\"article:modified_time\" content=\"2022-03-04T08:32:36+00:00\" \/>\n<meta name=\"twitter:card\" content=\"summary_large_image\" \/>\n<script type=\"application\/ld+json\" class=\"yoast-schema-graph\">{\"@context\":\"https:\\\/\\\/schema.org\",\"@graph\":[{\"@type\":\"WebPage\",\"@id\":\"https:\\\/\\\/whopp.org\\\/fr\\\/politique-de-confidentialite\\\/\",\"url\":\"https:\\\/\\\/whopp.org\\\/fr\\\/politique-de-confidentialite\\\/\",\"name\":\"Politique de confidentialit\u00e9 - Worldwide Health Opportunities\",\"isPartOf\":{\"@id\":\"https:\\\/\\\/whopp.org\\\/#website\"},\"datePublished\":\"2022-03-04T08:32:34+00:00\",\"dateModified\":\"2022-03-04T08:32:36+00:00\",\"breadcrumb\":{\"@id\":\"https:\\\/\\\/whopp.org\\\/fr\\\/politique-de-confidentialite\\\/#breadcrumb\"},\"inLanguage\":\"fr-FR\",\"potentialAction\":[{\"@type\":\"ReadAction\",\"target\":[\"https:\\\/\\\/whopp.org\\\/fr\\\/politique-de-confidentialite\\\/\"]}]},{\"@type\":\"BreadcrumbList\",\"@id\":\"https:\\\/\\\/whopp.org\\\/fr\\\/politique-de-confidentialite\\\/#breadcrumb\",\"itemListElement\":[{\"@type\":\"ListItem\",\"position\":1,\"name\":\"Accueil\",\"item\":\"https:\\\/\\\/whopp.org\\\/fr\\\/accueil\\\/\"},{\"@type\":\"ListItem\",\"position\":2,\"name\":\"Politique de confidentialit\u00e9\"}]},{\"@type\":\"WebSite\",\"@id\":\"https:\\\/\\\/whopp.org\\\/#website\",\"url\":\"https:\\\/\\\/whopp.org\\\/\",\"name\":\"Worldwide Health Opportunities\",\"description\":\"No one shall be denied affordable medicines\",\"publisher\":{\"@id\":\"https:\\\/\\\/whopp.org\\\/#organization\"},\"potentialAction\":[{\"@type\":\"SearchAction\",\"target\":{\"@type\":\"EntryPoint\",\"urlTemplate\":\"https:\\\/\\\/whopp.org\\\/?s={search_term_string}\"},\"query-input\":{\"@type\":\"PropertyValueSpecification\",\"valueRequired\":true,\"valueName\":\"search_term_string\"}}],\"inLanguage\":\"fr-FR\"},{\"@type\":\"Organization\",\"@id\":\"https:\\\/\\\/whopp.org\\\/#organization\",\"name\":\"Worldwide Health Opportunities S\u00e0rl\",\"url\":\"https:\\\/\\\/whopp.org\\\/\",\"logo\":{\"@type\":\"ImageObject\",\"inLanguage\":\"fr-FR\",\"@id\":\"https:\\\/\\\/whopp.org\\\/#\\\/schema\\\/logo\\\/image\\\/\",\"url\":\"https:\\\/\\\/whopp.org\\\/wp-content\\\/uploads\\\/Worldwide-Health-Opportunities-LOGO-Retina.png\",\"contentUrl\":\"https:\\\/\\\/whopp.org\\\/wp-content\\\/uploads\\\/Worldwide-Health-Opportunities-LOGO-Retina.png\",\"width\":500,\"height\":150,\"caption\":\"Worldwide Health Opportunities S\u00e0rl\"},\"image\":{\"@id\":\"https:\\\/\\\/whopp.org\\\/#\\\/schema\\\/logo\\\/image\\\/\"},\"sameAs\":[\"https:\\\/\\\/www.facebook.com\\\/WHOPP.ORG\\\/\",\"https:\\\/\\\/www.instagram.com\\\/worldwidehealthopportunities\\\/\",\"https:\\\/\\\/www.linkedin.com\\\/company\\\/worldwide-health-opportunities-whopp\",\"https:\\\/\\\/www.youtube.com\\\/channel\\\/UCzSrk4-_JstEAna3QA8QmuA\"]}]}<\/script>\n<!-- \/ Yoast SEO plugin. -->","yoast_head_json":{"title":"Politique de confidentialit\u00e9 - Worldwide Health Opportunities","robots":{"index":"index","follow":"follow","max-snippet":"max-snippet:-1","max-image-preview":"max-image-preview:large","max-video-preview":"max-video-preview:-1"},"canonical":"https:\/\/whopp.org\/fr\/politique-de-confidentialite\/","og_locale":"fr_FR","og_type":"article","og_title":"Politique de confidentialit\u00e9 - Worldwide Health Opportunities","og_description":"whopp.org , la protection des donn\u00e9es est l&rsquo;une de nos principales priorit\u00e9s ! \u00c0 whopp.org , nous savons que le traitement m\u00e9ticuleux de vos informations personnelles est important pour vous et pour nous. Nous appr\u00e9cions donc votre confiance dans le fait que whopp.org traitera ces informations de mani\u00e8re consciencieuse. Nous vous informons ci-apr\u00e8s de la [&hellip;]","og_url":"https:\/\/whopp.org\/fr\/politique-de-confidentialite\/","og_site_name":"Worldwide Health Opportunities","article_publisher":"https:\/\/www.facebook.com\/WHOPP.ORG\/","article_modified_time":"2022-03-04T08:32:36+00:00","twitter_card":"summary_large_image","schema":{"@context":"https:\/\/schema.org","@graph":[{"@type":"WebPage","@id":"https:\/\/whopp.org\/fr\/politique-de-confidentialite\/","url":"https:\/\/whopp.org\/fr\/politique-de-confidentialite\/","name":"Politique de confidentialit\u00e9 - Worldwide Health Opportunities","isPartOf":{"@id":"https:\/\/whopp.org\/#website"},"datePublished":"2022-03-04T08:32:34+00:00","dateModified":"2022-03-04T08:32:36+00:00","breadcrumb":{"@id":"https:\/\/whopp.org\/fr\/politique-de-confidentialite\/#breadcrumb"},"inLanguage":"fr-FR","potentialAction":[{"@type":"ReadAction","target":["https:\/\/whopp.org\/fr\/politique-de-confidentialite\/"]}]},{"@type":"BreadcrumbList","@id":"https:\/\/whopp.org\/fr\/politique-de-confidentialite\/#breadcrumb","itemListElement":[{"@type":"ListItem","position":1,"name":"Accueil","item":"https:\/\/whopp.org\/fr\/accueil\/"},{"@type":"ListItem","position":2,"name":"Politique de confidentialit\u00e9"}]},{"@type":"WebSite","@id":"https:\/\/whopp.org\/#website","url":"https:\/\/whopp.org\/","name":"Worldwide Health Opportunities","description":"No one shall be denied affordable medicines","publisher":{"@id":"https:\/\/whopp.org\/#organization"},"potentialAction":[{"@type":"SearchAction","target":{"@type":"EntryPoint","urlTemplate":"https:\/\/whopp.org\/?s={search_term_string}"},"query-input":{"@type":"PropertyValueSpecification","valueRequired":true,"valueName":"search_term_string"}}],"inLanguage":"fr-FR"},{"@type":"Organization","@id":"https:\/\/whopp.org\/#organization","name":"Worldwide Health Opportunities S\u00e0rl","url":"https:\/\/whopp.org\/","logo":{"@type":"ImageObject","inLanguage":"fr-FR","@id":"https:\/\/whopp.org\/#\/schema\/logo\/image\/","url":"https:\/\/whopp.org\/wp-content\/uploads\/Worldwide-Health-Opportunities-LOGO-Retina.png","contentUrl":"https:\/\/whopp.org\/wp-content\/uploads\/Worldwide-Health-Opportunities-LOGO-Retina.png","width":500,"height":150,"caption":"Worldwide Health Opportunities S\u00e0rl"},"image":{"@id":"https:\/\/whopp.org\/#\/schema\/logo\/image\/"},"sameAs":["https:\/\/www.facebook.com\/WHOPP.ORG\/","https:\/\/www.instagram.com\/worldwidehealthopportunities\/","https:\/\/www.linkedin.com\/company\/worldwide-health-opportunities-whopp","https:\/\/www.youtube.com\/channel\/UCzSrk4-_JstEAna3QA8QmuA"]}]}},"_links":{"self":[{"href":"https:\/\/whopp.org\/fr\/wp-json\/wp\/v2\/pages\/599","targetHints":{"allow":["GET"]}}],"collection":[{"href":"https:\/\/whopp.org\/fr\/wp-json\/wp\/v2\/pages"}],"about":[{"href":"https:\/\/whopp.org\/fr\/wp-json\/wp\/v2\/types\/page"}],"author":[{"embeddable":true,"href":"https:\/\/whopp.org\/fr\/wp-json\/wp\/v2\/users\/1"}],"replies":[{"embeddable":true,"href":"https:\/\/whopp.org\/fr\/wp-json\/wp\/v2\/comments?post=599"}],"version-history":[{"count":1,"href":"https:\/\/whopp.org\/fr\/wp-json\/wp\/v2\/pages\/599\/revisions"}],"predecessor-version":[{"id":600,"href":"https:\/\/whopp.org\/fr\/wp-json\/wp\/v2\/pages\/599\/revisions\/600"}],"wp:attachment":[{"href":"https:\/\/whopp.org\/fr\/wp-json\/wp\/v2\/media?parent=599"}],"curies":[{"name":"wp","href":"https:\/\/api.w.org\/{rel}","templated":true}]}}