{"id":555,"date":"2022-02-09T04:56:03","date_gmt":"2022-02-09T03:56:03","guid":{"rendered":"https:\/\/whopp.sbs\/product\/pedir-medicinas\/"},"modified":"2024-11-08T02:48:43","modified_gmt":"2024-11-08T01:48:43","slug":"pedir-medicinas","status":"publish","type":"product","link":"https:\/\/whopp.org\/es\/producto\/pedir-medicinas\/","title":{"rendered":"Pedir Cotizaci\u00f3n"},"content":{"rendered":"","protected":false},"excerpt":{"rendered":"<p>Para solicitar su presupuesto y pedir sus medicinas, haga clic en el bot\u00f3n siguiente. Ser\u00e1 redirigido al formulario completo.<\/p>\n<p><span style=\"text-decoration: underline;\"><strong>Por favor, rellene toda la informaci\u00f3n requerida y cargue su receta antes de enviar su solicitud de presupuesto.<\/strong><\/span><\/p>\n","protected":false},"featured_media":523,"template":"","meta":{"_et_pb_use_builder":"","_et_pb_old_content":"","_et_gb_content_width":"","inline_featured_image":false},"product_brand":[],"product_cat":[45],"product_tag":[],"class_list":{"0":"post-555","1":"product","2":"type-product","3":"status-publish","4":"has-post-thumbnail","6":"product_cat-medicina","8":"first","9":"instock","10":"virtual","11":"sold-individually","12":"purchasable","13":"product-type-simple"},"yoast_head":"<!-- This site is optimized with the Yoast SEO plugin v27.4 - https:\/\/yoast.com\/product\/yoast-seo-wordpress\/ -->\n<title>Pedir Cotizaci\u00f3n - Worldwide Health Opportunities<\/title>\n<meta name=\"robots\" content=\"index, follow, max-snippet:-1, max-image-preview:large, max-video-preview:-1\" \/>\n<link rel=\"canonical\" href=\"https:\/\/whopp.org\/es\/producto\/pedir-medicinas\/\" \/>\n<meta property=\"og:locale\" content=\"es_ES\" \/>\n<meta property=\"og:type\" content=\"article\" \/>\n<meta property=\"og:title\" content=\"Pedir Cotizaci\u00f3n - Worldwide Health Opportunities\" \/>\n<meta property=\"og:description\" content=\"Para solicitar su presupuesto y pedir sus medicinas, haga clic en el bot\u00f3n siguiente. Ser\u00e1 redirigido al formulario completo. Por favor, rellene toda la informaci\u00f3n requerida y cargue su receta antes de enviar su solicitud de presupuesto.\" \/>\n<meta property=\"og:url\" content=\"https:\/\/whopp.org\/es\/producto\/pedir-medicinas\/\" \/>\n<meta property=\"og:site_name\" content=\"Worldwide Health Opportunities\" \/>\n<meta property=\"article:publisher\" content=\"https:\/\/www.facebook.com\/WHOPP.ORG\/\" \/>\n<meta property=\"article:modified_time\" content=\"2024-11-08T01:48:43+00:00\" \/>\n<meta property=\"og:image\" content=\"https:\/\/whopp.org\/wp-content\/uploads\/Order-Medicine.jpeg\" \/>\n\t<meta property=\"og:image:width\" content=\"800\" \/>\n\t<meta property=\"og:image:height\" content=\"533\" \/>\n\t<meta property=\"og:image:type\" content=\"image\/jpeg\" \/>\n<meta name=\"twitter:card\" content=\"summary_large_image\" \/>\n<script type=\"application\/ld+json\" class=\"yoast-schema-graph\">{\"@context\":\"https:\\\/\\\/schema.org\",\"@graph\":[{\"@type\":\"WebPage\",\"@id\":\"https:\\\/\\\/whopp.org\\\/es\\\/producto\\\/pedir-medicinas\\\/\",\"url\":\"https:\\\/\\\/whopp.org\\\/es\\\/producto\\\/pedir-medicinas\\\/\",\"name\":\"Pedir Cotizaci\u00f3n - Worldwide Health Opportunities\",\"isPartOf\":{\"@id\":\"https:\\\/\\\/whopp.org\\\/#website\"},\"primaryImageOfPage\":{\"@id\":\"https:\\\/\\\/whopp.org\\\/es\\\/producto\\\/pedir-medicinas\\\/#primaryimage\"},\"image\":{\"@id\":\"https:\\\/\\\/whopp.org\\\/es\\\/producto\\\/pedir-medicinas\\\/#primaryimage\"},\"thumbnailUrl\":\"https:\\\/\\\/whopp.org\\\/wp-content\\\/uploads\\\/Order-Medicine.jpeg\",\"datePublished\":\"2022-02-09T03:56:03+00:00\",\"dateModified\":\"2024-11-08T01:48:43+00:00\",\"breadcrumb\":{\"@id\":\"https:\\\/\\\/whopp.org\\\/es\\\/producto\\\/pedir-medicinas\\\/#breadcrumb\"},\"inLanguage\":\"es\",\"potentialAction\":[{\"@type\":\"ReadAction\",\"target\":[\"https:\\\/\\\/whopp.org\\\/es\\\/producto\\\/pedir-medicinas\\\/\"]}]},{\"@type\":\"ImageObject\",\"inLanguage\":\"es\",\"@id\":\"https:\\\/\\\/whopp.org\\\/es\\\/producto\\\/pedir-medicinas\\\/#primaryimage\",\"url\":\"https:\\\/\\\/whopp.org\\\/wp-content\\\/uploads\\\/Order-Medicine.jpeg\",\"contentUrl\":\"https:\\\/\\\/whopp.org\\\/wp-content\\\/uploads\\\/Order-Medicine.jpeg\",\"width\":800,\"height\":533},{\"@type\":\"BreadcrumbList\",\"@id\":\"https:\\\/\\\/whopp.org\\\/es\\\/producto\\\/pedir-medicinas\\\/#breadcrumb\",\"itemListElement\":[{\"@type\":\"ListItem\",\"position\":1,\"name\":\"Home\",\"item\":\"https:\\\/\\\/whopp.org\\\/es\\\/hogar\\\/\"},{\"@type\":\"ListItem\",\"position\":2,\"name\":\"Tienda\",\"item\":\"https:\\\/\\\/whopp.org\\\/es\\\/tienda\\\/\"},{\"@type\":\"ListItem\",\"position\":3,\"name\":\"Pedir Cotizaci\u00f3n\"}]},{\"@type\":\"WebSite\",\"@id\":\"https:\\\/\\\/whopp.org\\\/#website\",\"url\":\"https:\\\/\\\/whopp.org\\\/\",\"name\":\"Worldwide Health Opportunities\",\"description\":\"No one shall be denied affordable medicines\",\"publisher\":{\"@id\":\"https:\\\/\\\/whopp.org\\\/#organization\"},\"potentialAction\":[{\"@type\":\"SearchAction\",\"target\":{\"@type\":\"EntryPoint\",\"urlTemplate\":\"https:\\\/\\\/whopp.org\\\/?s={search_term_string}\"},\"query-input\":{\"@type\":\"PropertyValueSpecification\",\"valueRequired\":true,\"valueName\":\"search_term_string\"}}],\"inLanguage\":\"es\"},{\"@type\":\"Organization\",\"@id\":\"https:\\\/\\\/whopp.org\\\/#organization\",\"name\":\"Worldwide Health Opportunities S\u00e0rl\",\"url\":\"https:\\\/\\\/whopp.org\\\/\",\"logo\":{\"@type\":\"ImageObject\",\"inLanguage\":\"es\",\"@id\":\"https:\\\/\\\/whopp.org\\\/#\\\/schema\\\/logo\\\/image\\\/\",\"url\":\"https:\\\/\\\/whopp.org\\\/wp-content\\\/uploads\\\/Worldwide-Health-Opportunities-LOGO-Retina.png\",\"contentUrl\":\"https:\\\/\\\/whopp.org\\\/wp-content\\\/uploads\\\/Worldwide-Health-Opportunities-LOGO-Retina.png\",\"width\":500,\"height\":150,\"caption\":\"Worldwide Health Opportunities S\u00e0rl\"},\"image\":{\"@id\":\"https:\\\/\\\/whopp.org\\\/#\\\/schema\\\/logo\\\/image\\\/\"},\"sameAs\":[\"https:\\\/\\\/www.facebook.com\\\/WHOPP.ORG\\\/\",\"https:\\\/\\\/www.instagram.com\\\/worldwidehealthopportunities\\\/\",\"https:\\\/\\\/www.linkedin.com\\\/company\\\/worldwide-health-opportunities-whopp\",\"https:\\\/\\\/www.youtube.com\\\/channel\\\/UCzSrk4-_JstEAna3QA8QmuA\"]}]}<\/script>\n<!-- \/ Yoast SEO plugin. -->","yoast_head_json":{"title":"Pedir Cotizaci\u00f3n - Worldwide Health Opportunities","robots":{"index":"index","follow":"follow","max-snippet":"max-snippet:-1","max-image-preview":"max-image-preview:large","max-video-preview":"max-video-preview:-1"},"canonical":"https:\/\/whopp.org\/es\/producto\/pedir-medicinas\/","og_locale":"es_ES","og_type":"article","og_title":"Pedir Cotizaci\u00f3n - Worldwide Health Opportunities","og_description":"Para solicitar su presupuesto y pedir sus medicinas, haga clic en el bot\u00f3n siguiente. Ser\u00e1 redirigido al formulario completo. Por favor, rellene toda la informaci\u00f3n requerida y cargue su receta antes de enviar su solicitud de presupuesto.","og_url":"https:\/\/whopp.org\/es\/producto\/pedir-medicinas\/","og_site_name":"Worldwide Health Opportunities","article_publisher":"https:\/\/www.facebook.com\/WHOPP.ORG\/","article_modified_time":"2024-11-08T01:48:43+00:00","og_image":[{"width":800,"height":533,"url":"https:\/\/whopp.org\/wp-content\/uploads\/Order-Medicine.jpeg","type":"image\/jpeg"}],"twitter_card":"summary_large_image","schema":{"@context":"https:\/\/schema.org","@graph":[{"@type":"WebPage","@id":"https:\/\/whopp.org\/es\/producto\/pedir-medicinas\/","url":"https:\/\/whopp.org\/es\/producto\/pedir-medicinas\/","name":"Pedir Cotizaci\u00f3n - Worldwide Health Opportunities","isPartOf":{"@id":"https:\/\/whopp.org\/#website"},"primaryImageOfPage":{"@id":"https:\/\/whopp.org\/es\/producto\/pedir-medicinas\/#primaryimage"},"image":{"@id":"https:\/\/whopp.org\/es\/producto\/pedir-medicinas\/#primaryimage"},"thumbnailUrl":"https:\/\/whopp.org\/wp-content\/uploads\/Order-Medicine.jpeg","datePublished":"2022-02-09T03:56:03+00:00","dateModified":"2024-11-08T01:48:43+00:00","breadcrumb":{"@id":"https:\/\/whopp.org\/es\/producto\/pedir-medicinas\/#breadcrumb"},"inLanguage":"es","potentialAction":[{"@type":"ReadAction","target":["https:\/\/whopp.org\/es\/producto\/pedir-medicinas\/"]}]},{"@type":"ImageObject","inLanguage":"es","@id":"https:\/\/whopp.org\/es\/producto\/pedir-medicinas\/#primaryimage","url":"https:\/\/whopp.org\/wp-content\/uploads\/Order-Medicine.jpeg","contentUrl":"https:\/\/whopp.org\/wp-content\/uploads\/Order-Medicine.jpeg","width":800,"height":533},{"@type":"BreadcrumbList","@id":"https:\/\/whopp.org\/es\/producto\/pedir-medicinas\/#breadcrumb","itemListElement":[{"@type":"ListItem","position":1,"name":"Home","item":"https:\/\/whopp.org\/es\/hogar\/"},{"@type":"ListItem","position":2,"name":"Tienda","item":"https:\/\/whopp.org\/es\/tienda\/"},{"@type":"ListItem","position":3,"name":"Pedir Cotizaci\u00f3n"}]},{"@type":"WebSite","@id":"https:\/\/whopp.org\/#website","url":"https:\/\/whopp.org\/","name":"Worldwide Health Opportunities","description":"No one shall be denied affordable medicines","publisher":{"@id":"https:\/\/whopp.org\/#organization"},"potentialAction":[{"@type":"SearchAction","target":{"@type":"EntryPoint","urlTemplate":"https:\/\/whopp.org\/?s={search_term_string}"},"query-input":{"@type":"PropertyValueSpecification","valueRequired":true,"valueName":"search_term_string"}}],"inLanguage":"es"},{"@type":"Organization","@id":"https:\/\/whopp.org\/#organization","name":"Worldwide Health Opportunities S\u00e0rl","url":"https:\/\/whopp.org\/","logo":{"@type":"ImageObject","inLanguage":"es","@id":"https:\/\/whopp.org\/#\/schema\/logo\/image\/","url":"https:\/\/whopp.org\/wp-content\/uploads\/Worldwide-Health-Opportunities-LOGO-Retina.png","contentUrl":"https:\/\/whopp.org\/wp-content\/uploads\/Worldwide-Health-Opportunities-LOGO-Retina.png","width":500,"height":150,"caption":"Worldwide Health Opportunities S\u00e0rl"},"image":{"@id":"https:\/\/whopp.org\/#\/schema\/logo\/image\/"},"sameAs":["https:\/\/www.facebook.com\/WHOPP.ORG\/","https:\/\/www.instagram.com\/worldwidehealthopportunities\/","https:\/\/www.linkedin.com\/company\/worldwide-health-opportunities-whopp","https:\/\/www.youtube.com\/channel\/UCzSrk4-_JstEAna3QA8QmuA"]}]}},"_links":{"self":[{"href":"https:\/\/whopp.org\/es\/wp-json\/wp\/v2\/product\/555","targetHints":{"allow":["GET"]}}],"collection":[{"href":"https:\/\/whopp.org\/es\/wp-json\/wp\/v2\/product"}],"about":[{"href":"https:\/\/whopp.org\/es\/wp-json\/wp\/v2\/types\/product"}],"wp:featuredmedia":[{"embeddable":true,"href":"https:\/\/whopp.org\/es\/wp-json\/wp\/v2\/media\/523"}],"wp:attachment":[{"href":"https:\/\/whopp.org\/es\/wp-json\/wp\/v2\/media?parent=555"}],"wp:term":[{"taxonomy":"product_brand","embeddable":true,"href":"https:\/\/whopp.org\/es\/wp-json\/wp\/v2\/product_brand?post=555"},{"taxonomy":"product_cat","embeddable":true,"href":"https:\/\/whopp.org\/es\/wp-json\/wp\/v2\/product_cat?post=555"},{"taxonomy":"product_tag","embeddable":true,"href":"https:\/\/whopp.org\/es\/wp-json\/wp\/v2\/product_tag?post=555"}],"curies":[{"name":"wp","href":"https:\/\/api.w.org\/{rel}","templated":true}]}}