{"id":858,"date":"2024-07-08T02:10:31","date_gmt":"2024-07-08T01:10:31","guid":{"rendered":"https:\/\/whopp.org\/nuestro-equipo\/"},"modified":"2026-01-31T05:08:20","modified_gmt":"2026-01-31T04:08:20","slug":"nuestro-equipo","status":"publish","type":"page","link":"https:\/\/whopp.org\/es\/nuestro-equipo\/","title":{"rendered":"Nuestro equipo"},"content":{"rendered":"<p>[et_pb_section fb_built=\u00bb1&#8243; custom_padding_last_edited=\u00bbon|tablet\u00bb next_background_color=\u00bb#ffffff\u00bb admin_label=\u00bbHero\u00bb _builder_version=\u00bb4.16&#8243; background_enable_color=\u00bboff\u00bb use_background_color_gradient=\u00bbon\u00bb background_color_gradient_type=\u00bbcircular\u00bb background_color_gradient_direction_radial=\u00bbtop right\u00bb background_color_gradient_stops=\u00bbrgba(255,255,255,0) 20%|#ef0317 100%\u00bb background_color_gradient_overlays_image=\u00bbon\u00bb background_color_gradient_start=\u00bbrgba(255,255,255,0)\u00bb background_color_gradient_start_position=\u00bb20%\u00bb background_color_gradient_end=\u00bb#ef0317&#8243; background_image=\u00bbhttps:\/\/whopp.org\/wp-content\/uploads\/pharmacy-20.jpg\u00bb custom_padding=\u00bb110px|0px|160px|0px|false|false\u00bb custom_padding_tablet=\u00bb50px||50px||true\u00bb custom_padding_phone=\u00bb|||\u00bb bottom_divider_style=\u00bbasymmetric\u00bb bottom_divider_height=\u00bb50px\u00bb bottom_divider_flip=\u00bbhorizontal\u00bb bottom_divider_height_tablet=\u00bb90px\u00bb bottom_divider_height_phone=\u00bb80px\u00bb global_colors_info=\u00bb{}\u00bb][et_pb_row column_structure=\u00bb2_3,1_3&#8243; _builder_version=\u00bb4.16&#8243; custom_width_px=\u00bb1280px\u00bb global_colors_info=\u00bb{}\u00bb][et_pb_column type=\u00bb2_3&#8243; _builder_version=\u00bb4.16&#8243; custom_padding=\u00bb|||\u00bb global_colors_info=\u00bb{}\u00bb custom_padding__hover=\u00bb|||\u00bb][et_pb_text _builder_version=\u00bb4.16&#8243; text_font=\u00bbMontserrat||||||||\u00bb text_text_color=\u00bbrgba(255,255,255,0.7)\u00bb text_font_size=\u00bb20px\u00bb text_line_height=\u00bb1.8em\u00bb header_font=\u00bbMontserrat|700|||||||\u00bb header_font_size=\u00bb44px\u00bb header_line_height=\u00bb1.4em\u00bb header_6_font=\u00bbMontserrat|600||on|||||\u00bb header_6_text_color=\u00bbrgba(255,255,255,0.7)\u00bb header_6_font_size=\u00bb16px\u00bb header_6_letter_spacing=\u00bb2px\u00bb header_6_line_height=\u00bb1.5em\u00bb background_layout=\u00bbdark\u00bb max_width=\u00bb780px\u00bb text_font_size_tablet=\u00bb\u00bb text_font_size_phone=\u00bb15px\u00bb text_font_size_last_edited=\u00bbon|phone\u00bb header_font_size_tablet=\u00bb\u00bb header_font_size_phone=\u00bb28px\u00bb header_font_size_last_edited=\u00bbon|phone\u00bb global_colors_info=\u00bb{}\u00bb]<\/p>\n<h6>WHOPP International <\/h6>\n<h1>Conozca a nuestro equipo<\/h1>\n<p>Profesionales a su servicio<\/p>\n<p>[\/et_pb_text][\/et_pb_column][et_pb_column type=\u00bb1_3&#8243; _builder_version=\u00bb4.16&#8243; custom_padding=\u00bb|||\u00bb global_colors_info=\u00bb{}\u00bb custom_padding__hover=\u00bb|||\u00bb][\/et_pb_column][\/et_pb_row][\/et_pb_section][et_pb_section fb_built=\u00bb1&#8243; _builder_version=\u00bb4.26.0&#8243; _module_preset=\u00bbdefault\u00bb collapsed=\u00bbon\u00bb global_colors_info=\u00bb{}\u00bb][et_pb_row column_structure=\u00bb1_2,1_2&#8243; make_equal=\u00bbon\u00bb module_class=\u00bbreverse\u00bb _builder_version=\u00bb4.26.0&#8243; _module_preset=\u00bbdefault\u00bb global_colors_info=\u00bb{}\u00bb][et_pb_column type=\u00bb1_2&#8243; _builder_version=\u00bb4.26.0&#8243; _module_preset=\u00bbdefault\u00bb global_colors_info=\u00bb{}\u00bb][et_pb_team_member name=\u00bbGeorges Koch De la Torre\u00bb position=\u00bbSocio Director\u00bb _builder_version=\u00bb4.27.0&#8243; _module_preset=\u00bbdefault\u00bb db_link_target=\u00bbon\u00bb global_colors_info=\u00bb{}\u00bb]<\/p>\n<p>Geneva, Switzerland \/ Ginebra Suiza<\/p>\n<p>Georges Koch De la Torre es socio director general de World Health Opportunities whopp.org. Posee una gran experiencia en el \u00e1mbito del desarrollo empresarial internacional y en el \u00e1mbito social a nivel mundial.<\/p>\n<p>Originario de Quito, Ecuador, y de origen suizo, despu\u00e9s de obtener su bachillerato cient\u00edfico en Quito, se traslad\u00f3 a Basilea para aprender alem\u00e1n. Luego regres\u00f3 a Ecuador para estudiar los dos primeros a\u00f1os de medicina en la Universidad Central de Quito, y continu\u00f3 en la facultad de medicina de la Universidad de Lausana. Tambi\u00e9n asisti\u00f3 a la escuela de osteopat\u00eda de Belmont y a la facultad de idiomas, donde estudi\u00f3 franc\u00e9s, italiano y portugu\u00e9s. Durante sus estudios, form\u00f3 parte del equipo m\u00e9dico de los bomberos de Lausana y tambi\u00e9n fue suboficial de las tropas m\u00e9dicas del ej\u00e9rcito suizo.<\/p>\n<p>Apasionado por los viajes, cambi\u00f3 de carrera, estudi\u00f3 y obtuvo su diploma en la EHL \u00c9cole H\u00f4teli\u00e8re de Lausanne, la principal escuela de gesti\u00f3n hotelera del mundo. Luego comenz\u00f3 a trabajar en el CHUV de Lausana, en Nestl\u00e9 Nespresso, y viaj\u00f3 a Tailandia, donde particip\u00f3 en la apertura de varios hoteles de 5 estrellas y villas de lujo. Durante sus 12 a\u00f1os en Asia, form\u00f3 parte de la Polic\u00eda Real de Inmigraci\u00f3n de Tailandia. De regreso a Suiza desde hace algunos a\u00f1os, se ha establecido en Martigny, donde abri\u00f3 whopp.org. Hoy en d\u00eda, dirige un complejo de ayuda social y forma parte de Skal International en todo el mundo como subdirector y presidente de Skal International Montreux Vevey.<\/p>\n<p>[\/et_pb_team_member][\/et_pb_column][et_pb_column type=\u00bb1_2&#8243; _builder_version=\u00bb4.26.0&#8243; _module_preset=\u00bbdefault\u00bb global_colors_info=\u00bb{}\u00bb][et_pb_image src=\u00bbhttps:\/\/whopp.org\/wp-content\/uploads\/Georges-Koch-De-la-Torre.png\u00bb alt=\u00bbGeorges Koch De la Torre\u00bb title_text=\u00bbGeorges Koch De la Torre\u00bb align=\u00bbcenter\u00bb _builder_version=\u00bb4.26.0&#8243; _module_preset=\u00bbdefault\u00bb custom_padding_tablet=\u00bb||30px||false|false\u00bb custom_padding_phone=\u00bb||30px||false|false\u00bb custom_padding_last_edited=\u00bbon|tablet\u00bb global_colors_info=\u00bb{}\u00bb][\/et_pb_image][\/et_pb_column][\/et_pb_row][\/et_pb_section][et_pb_section fb_built=\u00bb1&#8243; _builder_version=\u00bb4.26.0&#8243; _module_preset=\u00bbdefault\u00bb global_colors_info=\u00bb{}\u00bb][et_pb_row column_structure=\u00bb1_2,1_2&#8243; make_equal=\u00bbon\u00bb _builder_version=\u00bb4.26.0&#8243; _module_preset=\u00bbdefault\u00bb global_colors_info=\u00bb{}\u00bb][et_pb_column type=\u00bb1_2&#8243; _builder_version=\u00bb4.26.0&#8243; _module_preset=\u00bbdefault\u00bb global_colors_info=\u00bb{}\u00bb][et_pb_image src=\u00bbhttps:\/\/whopp.org\/wp-content\/uploads\/Eric-Ballestraz.png\u00bb alt=\u00bbEric Ballestraz\u00bb title_text=\u00bbEric Ballestraz\u00bb align=\u00bbcenter\u00bb _builder_version=\u00bb4.26.0&#8243; _module_preset=\u00bbdefault\u00bb custom_padding_tablet=\u00bb||30px||false|false\u00bb custom_padding_phone=\u00bb||30px||false|false\u00bb custom_padding_last_edited=\u00bbon|tablet\u00bb global_colors_info=\u00bb{}\u00bb][\/et_pb_image][\/et_pb_column][et_pb_column type=\u00bb1_2&#8243; _builder_version=\u00bb4.26.0&#8243; _module_preset=\u00bbdefault\u00bb global_colors_info=\u00bb{}\u00bb][et_pb_team_member name=\u00bbEric Ballestraz\u00bb position=\u00bbSocio Director\u00bb _builder_version=\u00bb4.27.0&#8243; _module_preset=\u00bbdefault\u00bb db_link_target=\u00bbon\u00bb global_colors_info=\u00bb{}\u00bb]<\/p>\n<p>Boston USA \/ Boston EE.UU<\/p>\n<p>Eric Ballestraz es socio director de World Health Opportunities. Posee una vasta experiencia en desarrollo comercial internacional para productos farmac\u00e9uticos, con un enfoque particular en regiones clave como Europa, Asia, Oriente Medio y Am\u00e9rica Latina. Anteriormente, ocup\u00f3 el puesto de Vicepresidente para Am\u00e9rica Latina en la multinacional suiza Octapharma AG, donde lider\u00f3 con \u00e9xito la expansi\u00f3n comercial de Octapharma en Am\u00e9rica del Sur, trabajando en estrecha colaboraci\u00f3n con socios locales en Colombia, Ecuador, Venezuela, Argentina y Chile.<\/p>\n<p>Eric tambi\u00e9n ha ocupado puestos clave en empresas de renombre como la empresa tecnol\u00f3gica francesa Biolog-id, la empresa de telecomunicaciones Peoplefone AG y Nestl\u00e9 AG. Posee un MBA de la Universidad de Chicago School of Business y un diploma en administraci\u00f3n de empresas de la Universidad de St. Gallen (HSG) en Suiza.<br \/>Actualmente, reside en Boston, Estados Unidos, con su esposa ecuatoriana y sus dos hijos.<\/p>\n<p>[\/et_pb_team_member][\/et_pb_column][\/et_pb_row][\/et_pb_section]<\/p>\n","protected":false},"excerpt":{"rendered":"<p>WHOPP International Conozca a nuestro equipo Profesionales a su servicioGeneva, Switzerland \/ Ginebra Suiza Georges Koch De la Torre es socio director general de World Health Opportunities whopp.org. Posee una gran experiencia en el \u00e1mbito del desarrollo empresarial internacional y en el \u00e1mbito social a nivel mundial. Originario de Quito, Ecuador, y de origen suizo, [&hellip;]<\/p>\n","protected":false},"author":1,"featured_media":0,"parent":0,"menu_order":0,"comment_status":"closed","ping_status":"closed","template":"","meta":{"_et_pb_use_builder":"on","_et_pb_old_content":"","_et_gb_content_width":"","inline_featured_image":false,"footnotes":""},"class_list":["post-858","page","type-page","status-publish","hentry"],"yoast_head":"<!-- This site is optimized with the Yoast SEO plugin v27.4 - https:\/\/yoast.com\/product\/yoast-seo-wordpress\/ -->\n<title>Nuestro equipo - Worldwide Health Opportunities<\/title>\n<meta name=\"robots\" content=\"index, follow, max-snippet:-1, max-image-preview:large, max-video-preview:-1\" \/>\n<link rel=\"canonical\" href=\"https:\/\/whopp.org\/es\/nuestro-equipo\/\" \/>\n<meta property=\"og:locale\" content=\"es_ES\" \/>\n<meta property=\"og:type\" content=\"article\" \/>\n<meta property=\"og:title\" content=\"Nuestro equipo - Worldwide Health Opportunities\" \/>\n<meta property=\"og:description\" content=\"WHOPP International Conozca a nuestro equipo Profesionales a su servicioGeneva, Switzerland \/ Ginebra Suiza Georges Koch De la Torre es socio director general de World Health Opportunities whopp.org. Posee una gran experiencia en el \u00e1mbito del desarrollo empresarial internacional y en el \u00e1mbito social a nivel mundial. Originario de Quito, Ecuador, y de origen suizo, [&hellip;]\" \/>\n<meta property=\"og:url\" content=\"https:\/\/whopp.org\/es\/nuestro-equipo\/\" \/>\n<meta property=\"og:site_name\" content=\"Worldwide Health Opportunities\" \/>\n<meta property=\"article:publisher\" content=\"https:\/\/www.facebook.com\/WHOPP.ORG\/\" \/>\n<meta property=\"article:modified_time\" content=\"2026-01-31T04:08:20+00:00\" \/>\n<meta name=\"twitter:card\" content=\"summary_large_image\" \/>\n<script type=\"application\/ld+json\" class=\"yoast-schema-graph\">{\"@context\":\"https:\\\/\\\/schema.org\",\"@graph\":[{\"@type\":\"WebPage\",\"@id\":\"https:\\\/\\\/whopp.org\\\/es\\\/nuestro-equipo\\\/\",\"url\":\"https:\\\/\\\/whopp.org\\\/es\\\/nuestro-equipo\\\/\",\"name\":\"Nuestro equipo - Worldwide Health Opportunities\",\"isPartOf\":{\"@id\":\"https:\\\/\\\/whopp.org\\\/#website\"},\"datePublished\":\"2024-07-08T01:10:31+00:00\",\"dateModified\":\"2026-01-31T04:08:20+00:00\",\"breadcrumb\":{\"@id\":\"https:\\\/\\\/whopp.org\\\/es\\\/nuestro-equipo\\\/#breadcrumb\"},\"inLanguage\":\"es\",\"potentialAction\":[{\"@type\":\"ReadAction\",\"target\":[\"https:\\\/\\\/whopp.org\\\/es\\\/nuestro-equipo\\\/\"]}]},{\"@type\":\"BreadcrumbList\",\"@id\":\"https:\\\/\\\/whopp.org\\\/es\\\/nuestro-equipo\\\/#breadcrumb\",\"itemListElement\":[{\"@type\":\"ListItem\",\"position\":1,\"name\":\"Home\",\"item\":\"https:\\\/\\\/whopp.org\\\/es\\\/hogar\\\/\"},{\"@type\":\"ListItem\",\"position\":2,\"name\":\"Nuestro equipo\"}]},{\"@type\":\"WebSite\",\"@id\":\"https:\\\/\\\/whopp.org\\\/#website\",\"url\":\"https:\\\/\\\/whopp.org\\\/\",\"name\":\"Worldwide Health Opportunities\",\"description\":\"No one shall be denied affordable medicines\",\"publisher\":{\"@id\":\"https:\\\/\\\/whopp.org\\\/#organization\"},\"potentialAction\":[{\"@type\":\"SearchAction\",\"target\":{\"@type\":\"EntryPoint\",\"urlTemplate\":\"https:\\\/\\\/whopp.org\\\/?s={search_term_string}\"},\"query-input\":{\"@type\":\"PropertyValueSpecification\",\"valueRequired\":true,\"valueName\":\"search_term_string\"}}],\"inLanguage\":\"es\"},{\"@type\":\"Organization\",\"@id\":\"https:\\\/\\\/whopp.org\\\/#organization\",\"name\":\"Worldwide Health Opportunities S\u00e0rl\",\"url\":\"https:\\\/\\\/whopp.org\\\/\",\"logo\":{\"@type\":\"ImageObject\",\"inLanguage\":\"es\",\"@id\":\"https:\\\/\\\/whopp.org\\\/#\\\/schema\\\/logo\\\/image\\\/\",\"url\":\"https:\\\/\\\/whopp.org\\\/wp-content\\\/uploads\\\/Worldwide-Health-Opportunities-LOGO-Retina.png\",\"contentUrl\":\"https:\\\/\\\/whopp.org\\\/wp-content\\\/uploads\\\/Worldwide-Health-Opportunities-LOGO-Retina.png\",\"width\":500,\"height\":150,\"caption\":\"Worldwide Health Opportunities S\u00e0rl\"},\"image\":{\"@id\":\"https:\\\/\\\/whopp.org\\\/#\\\/schema\\\/logo\\\/image\\\/\"},\"sameAs\":[\"https:\\\/\\\/www.facebook.com\\\/WHOPP.ORG\\\/\",\"https:\\\/\\\/www.instagram.com\\\/worldwidehealthopportunities\\\/\",\"https:\\\/\\\/www.linkedin.com\\\/company\\\/worldwide-health-opportunities-whopp\",\"https:\\\/\\\/www.youtube.com\\\/channel\\\/UCzSrk4-_JstEAna3QA8QmuA\"]}]}<\/script>\n<!-- \/ Yoast SEO plugin. -->","yoast_head_json":{"title":"Nuestro equipo - Worldwide Health Opportunities","robots":{"index":"index","follow":"follow","max-snippet":"max-snippet:-1","max-image-preview":"max-image-preview:large","max-video-preview":"max-video-preview:-1"},"canonical":"https:\/\/whopp.org\/es\/nuestro-equipo\/","og_locale":"es_ES","og_type":"article","og_title":"Nuestro equipo - Worldwide Health Opportunities","og_description":"WHOPP International Conozca a nuestro equipo Profesionales a su servicioGeneva, Switzerland \/ Ginebra Suiza Georges Koch De la Torre es socio director general de World Health Opportunities whopp.org. Posee una gran experiencia en el \u00e1mbito del desarrollo empresarial internacional y en el \u00e1mbito social a nivel mundial. Originario de Quito, Ecuador, y de origen suizo, [&hellip;]","og_url":"https:\/\/whopp.org\/es\/nuestro-equipo\/","og_site_name":"Worldwide Health Opportunities","article_publisher":"https:\/\/www.facebook.com\/WHOPP.ORG\/","article_modified_time":"2026-01-31T04:08:20+00:00","twitter_card":"summary_large_image","schema":{"@context":"https:\/\/schema.org","@graph":[{"@type":"WebPage","@id":"https:\/\/whopp.org\/es\/nuestro-equipo\/","url":"https:\/\/whopp.org\/es\/nuestro-equipo\/","name":"Nuestro equipo - Worldwide Health Opportunities","isPartOf":{"@id":"https:\/\/whopp.org\/#website"},"datePublished":"2024-07-08T01:10:31+00:00","dateModified":"2026-01-31T04:08:20+00:00","breadcrumb":{"@id":"https:\/\/whopp.org\/es\/nuestro-equipo\/#breadcrumb"},"inLanguage":"es","potentialAction":[{"@type":"ReadAction","target":["https:\/\/whopp.org\/es\/nuestro-equipo\/"]}]},{"@type":"BreadcrumbList","@id":"https:\/\/whopp.org\/es\/nuestro-equipo\/#breadcrumb","itemListElement":[{"@type":"ListItem","position":1,"name":"Home","item":"https:\/\/whopp.org\/es\/hogar\/"},{"@type":"ListItem","position":2,"name":"Nuestro equipo"}]},{"@type":"WebSite","@id":"https:\/\/whopp.org\/#website","url":"https:\/\/whopp.org\/","name":"Worldwide Health Opportunities","description":"No one shall be denied affordable medicines","publisher":{"@id":"https:\/\/whopp.org\/#organization"},"potentialAction":[{"@type":"SearchAction","target":{"@type":"EntryPoint","urlTemplate":"https:\/\/whopp.org\/?s={search_term_string}"},"query-input":{"@type":"PropertyValueSpecification","valueRequired":true,"valueName":"search_term_string"}}],"inLanguage":"es"},{"@type":"Organization","@id":"https:\/\/whopp.org\/#organization","name":"Worldwide Health Opportunities S\u00e0rl","url":"https:\/\/whopp.org\/","logo":{"@type":"ImageObject","inLanguage":"es","@id":"https:\/\/whopp.org\/#\/schema\/logo\/image\/","url":"https:\/\/whopp.org\/wp-content\/uploads\/Worldwide-Health-Opportunities-LOGO-Retina.png","contentUrl":"https:\/\/whopp.org\/wp-content\/uploads\/Worldwide-Health-Opportunities-LOGO-Retina.png","width":500,"height":150,"caption":"Worldwide Health Opportunities S\u00e0rl"},"image":{"@id":"https:\/\/whopp.org\/#\/schema\/logo\/image\/"},"sameAs":["https:\/\/www.facebook.com\/WHOPP.ORG\/","https:\/\/www.instagram.com\/worldwidehealthopportunities\/","https:\/\/www.linkedin.com\/company\/worldwide-health-opportunities-whopp","https:\/\/www.youtube.com\/channel\/UCzSrk4-_JstEAna3QA8QmuA"]}]}},"_links":{"self":[{"href":"https:\/\/whopp.org\/es\/wp-json\/wp\/v2\/pages\/858","targetHints":{"allow":["GET"]}}],"collection":[{"href":"https:\/\/whopp.org\/es\/wp-json\/wp\/v2\/pages"}],"about":[{"href":"https:\/\/whopp.org\/es\/wp-json\/wp\/v2\/types\/page"}],"author":[{"embeddable":true,"href":"https:\/\/whopp.org\/es\/wp-json\/wp\/v2\/users\/1"}],"replies":[{"embeddable":true,"href":"https:\/\/whopp.org\/es\/wp-json\/wp\/v2\/comments?post=858"}],"version-history":[{"count":7,"href":"https:\/\/whopp.org\/es\/wp-json\/wp\/v2\/pages\/858\/revisions"}],"predecessor-version":[{"id":1084,"href":"https:\/\/whopp.org\/es\/wp-json\/wp\/v2\/pages\/858\/revisions\/1084"}],"wp:attachment":[{"href":"https:\/\/whopp.org\/es\/wp-json\/wp\/v2\/media?parent=858"}],"curies":[{"name":"wp","href":"https:\/\/api.w.org\/{rel}","templated":true}]}}