{"id":585,"date":"2022-03-04T03:57:38","date_gmt":"2022-03-04T02:57:38","guid":{"rendered":"https:\/\/whopp.sbs\/autorizacion-de-uso-de-videos-fotos-imagenes\/"},"modified":"2022-05-10T01:46:40","modified_gmt":"2022-05-10T00:46:40","slug":"autorizacion-de-uso-de-videos-fotos-imagenes","status":"publish","type":"page","link":"https:\/\/whopp.org\/es\/autorizacion-de-uso-de-videos-fotos-imagenes\/","title":{"rendered":"Autorizaci\u00f3n de uso de V\u00cdDEOS \/ FOTOS \/ IM\u00c1GENES"},"content":{"rendered":"<p>[et_pb_section fb_built=\u00bb1&#8243; custom_padding_last_edited=\u00bbon|tablet\u00bb next_background_color=\u00bb#ffffff\u00bb admin_label=\u00bbHero\u00bb _builder_version=\u00bb4.16&#8243; use_background_color_gradient=\u00bbon\u00bb background_color_gradient_type=\u00bbcircular\u00bb background_color_gradient_direction_radial=\u00bbtop right\u00bb background_color_gradient_stops=\u00bbrgba(255,255,255,0) 20%|#ef0317 100%\u00bb background_color_gradient_overlays_image=\u00bbon\u00bb background_color_gradient_start=\u00bbrgba(255,255,255,0)\u00bb background_color_gradient_start_position=\u00bb20%\u00bb background_color_gradient_end=\u00bb#ef0317&#8243; background_image=\u00bbhttps:\/\/whopp.org\/wp-content\/uploads\/Submit-your-testimonial.jpeg\u00bb custom_padding=\u00bb110px|0px|160px|0px|false|false\u00bb custom_padding_tablet=\u00bb50px||50px||true\u00bb custom_padding_phone=\u00bb|||\u00bb bottom_divider_style=\u00bbasymmetric\u00bb bottom_divider_height=\u00bb50px\u00bb bottom_divider_flip=\u00bbhorizontal\u00bb bottom_divider_height_tablet=\u00bb90px\u00bb bottom_divider_height_phone=\u00bb80px\u00bb global_colors_info=\u00bb{}\u00bb][et_pb_row column_structure=\u00bb2_3,1_3&#8243; _builder_version=\u00bb4.16&#8243; custom_width_px=\u00bb1280px\u00bb global_colors_info=\u00bb{}\u00bb][et_pb_column type=\u00bb2_3&#8243; _builder_version=\u00bb4.16&#8243; custom_padding=\u00bb|||\u00bb global_colors_info=\u00bb{}\u00bb custom_padding__hover=\u00bb|||\u00bb][et_pb_text _builder_version=\u00bb4.16&#8243; text_font=\u00bbMontserrat||||||||\u00bb text_text_color=\u00bbrgba(255,255,255,0.7)\u00bb text_font_size=\u00bb20px\u00bb text_line_height=\u00bb1.8em\u00bb header_font=\u00bbMontserrat|700|||||||\u00bb header_font_size=\u00bb44px\u00bb header_line_height=\u00bb1.4em\u00bb header_6_font=\u00bbMontserrat|600||on|||||\u00bb header_6_text_color=\u00bbrgba(255,255,255,0.7)\u00bb header_6_font_size=\u00bb16px\u00bb header_6_letter_spacing=\u00bb2px\u00bb header_6_line_height=\u00bb1.5em\u00bb background_layout=\u00bbdark\u00bb max_width=\u00bb780px\u00bb text_font_size_tablet=\u00bb\u00bb text_font_size_phone=\u00bb15px\u00bb text_font_size_last_edited=\u00bbon|phone\u00bb header_font_size_tablet=\u00bb\u00bb header_font_size_phone=\u00bb28px\u00bb header_font_size_last_edited=\u00bbon|phone\u00bb global_colors_info=\u00bb{}\u00bb]<\/p>\n<h6>Env\u00ede su testimonio<\/h6>\n<h1 class=\"entry-title\">Autorizaci\u00f3n de uso de V\u00cdDEOS \/ FOTOS \/ IM\u00c1GENES<\/h1>\n<p>POR FAVOR, LEA EL SIGUIENTE ACUERDO Y RELLENE EL FORMULARIO EN CONSECUENCIA.<\/p>\n<p>[\/et_pb_text][\/et_pb_column][et_pb_column type=\u00bb1_3&#8243; _builder_version=\u00bb4.16&#8243; custom_padding=\u00bb|||\u00bb global_colors_info=\u00bb{}\u00bb custom_padding__hover=\u00bb|||\u00bb][\/et_pb_column][\/et_pb_row][\/et_pb_section][et_pb_section fb_built=\u00bb1&#8243; _builder_version=\u00bb4.16&#8243; global_colors_info=\u00bb{}\u00bb][et_pb_row column_structure=\u00bb1_5,3_5,1_5&#8243; _builder_version=\u00bb4.16&#8243; _module_preset=\u00bbdefault\u00bb global_colors_info=\u00bb{}\u00bb][et_pb_column type=\u00bb1_5&#8243; _builder_version=\u00bb4.16&#8243; _module_preset=\u00bbdefault\u00bb global_colors_info=\u00bb{}\u00bb][\/et_pb_column][et_pb_column type=\u00bb3_5&#8243; _builder_version=\u00bb4.16&#8243; _module_preset=\u00bbdefault\u00bb global_colors_info=\u00bb{}\u00bb][et_pb_text _builder_version=\u00bb4.16&#8243; text_font=\u00bb||||||||\u00bb background_size=\u00bbinitial\u00bb background_position=\u00bbtop_left\u00bb background_repeat=\u00bbrepeat\u00bb text_orientation=\u00bbjustified\u00bb custom_margin=\u00bb||10px||false|false\u00bb global_colors_info=\u00bb{}\u00bb]<\/p>\n<p>Por la presente cedo a Worldwide Health Opportunities whopp.org el derecho y el permiso para utilizar los derechos de mi imagen, mi semejanza y el sonido de mi voz, tal y como han sido grabados en una cinta de audio\/v\u00eddeo o las im\u00e1genes, la semejanza y el sonido de mi voz en v\u00eddeos relacionados con los temas de WHOPP y sin pago u otra consideraci\u00f3n. Entiendo que mi imagen puede ser editada, copiada, mostrada, publicada o distribuida y renuncio al derecho de inspeccionar o aprobar el producto final en el que aparece mi imagen.<br \/>Al firmar esta autorizaci\u00f3n, entiendo que este permiso significa que las grabaciones fotogr\u00e1ficas o de v\u00eddeo de mi persona pueden ser mostradas electr\u00f3nicamente a trav\u00e9s de Internet.<br \/>No existe ning\u00fan l\u00edmite de tiempo para la validez de este comunicado ni ninguna limitaci\u00f3n geogr\u00e1fica sobre d\u00f3nde pueden distribuirse estos materiales.<br \/>Al firmar este formulario, reconozco que he le\u00eddo y entendido completamente la exenci\u00f3n anterior y acepto estar obligado por ella. Por la presente libero todas las reclamaciones contra cualquier persona u organizaci\u00f3n que utilice este material para cualquier fin.<\/p>\n<p>[\/et_pb_text][et_pb_contact_form captcha=\u00bboff\u00bb email=\u00bbinfo@whopp.org\u00bb submit_button_text=\u00bbEnv\u00ede su testimonio\u00bb _builder_version=\u00bb4.17.3&#8243; _module_preset=\u00bbdefault\u00bb _unique_id=\u00bb0fb139f2-5b24-4f19-99a8-c5e84246eaaa\u00bb title_text_align=\u00bbcenter\u00bb custom_button=\u00bbon\u00bb button_text_color=\u00bb#FFFFFF\u00bb button_bg_color=\u00bb#EF0317&#8243; button_border_width=\u00bb2px\u00bb button_use_icon=\u00bboff\u00bb hover_enabled=\u00bb0&#8243; submit_button_alignment=\u00bbcenter\u00bb input_focus_border_color=\u00bb#EF0317&#8243; input_focus_border_width=\u00bb1px\u00bb global_colors_info=\u00bb{}\u00bb sticky_enabled=\u00bb0&#8243;][et_pb_contact_field field_id=\u00bbpermission\u00bb field_title=\u00bbAcuerdo\u00bb field_type=\u00bbcheckbox\u00bb checkbox_options=\u00bb%91{%22value%22:%22Autorizo a Whopp a utilizar mis archivos multimedia en mi testimonio%22,%22checked%22:0,%22dragID%22:-1}%93&#8243; fullwidth_field=\u00bbon\u00bb _builder_version=\u00bb4.16&#8243; _module_preset=\u00bbdefault\u00bb global_colors_info=\u00bb{}\u00bb][\/et_pb_contact_field][et_pb_contact_field field_id=\u00bbName\u00bb field_title=\u00bbTu nombre\u00bb _builder_version=\u00bb4.16&#8243; use_field_icon=\u00bbon\u00bb field_icon=\u00bb&#xf406;||fa||900&#8243; global_colors_info=\u00bb{}\u00bb button_text_size__hover_enabled=\u00bboff\u00bb button_one_text_size__hover_enabled=\u00bboff\u00bb button_two_text_size__hover_enabled=\u00bboff\u00bb button_text_color__hover_enabled=\u00bboff\u00bb button_one_text_color__hover_enabled=\u00bboff\u00bb button_two_text_color__hover_enabled=\u00bboff\u00bb button_border_width__hover_enabled=\u00bboff\u00bb button_one_border_width__hover_enabled=\u00bboff\u00bb button_two_border_width__hover_enabled=\u00bboff\u00bb button_border_color__hover_enabled=\u00bboff\u00bb button_one_border_color__hover_enabled=\u00bboff\u00bb button_two_border_color__hover_enabled=\u00bboff\u00bb button_border_radius__hover_enabled=\u00bboff\u00bb button_one_border_radius__hover_enabled=\u00bboff\u00bb button_two_border_radius__hover_enabled=\u00bboff\u00bb button_letter_spacing__hover_enabled=\u00bboff\u00bb button_one_letter_spacing__hover_enabled=\u00bboff\u00bb button_two_letter_spacing__hover_enabled=\u00bboff\u00bb button_bg_color__hover_enabled=\u00bboff\u00bb button_one_bg_color__hover_enabled=\u00bboff\u00bb button_two_bg_color__hover_enabled=\u00bboff\u00bb][\/et_pb_contact_field][et_pb_contact_field field_id=\u00bbEmail\u00bb field_title=\u00bbTu correo electr\u00f3nico\u00bb field_type=\u00bbemail\u00bb _builder_version=\u00bb4.16&#8243; use_field_icon=\u00bbon\u00bb field_icon=\u00bb&#xf1fa;||fa||900&#8243; global_colors_info=\u00bb{}\u00bb button_text_size__hover_enabled=\u00bboff\u00bb button_one_text_size__hover_enabled=\u00bboff\u00bb button_two_text_size__hover_enabled=\u00bboff\u00bb button_text_color__hover_enabled=\u00bboff\u00bb button_one_text_color__hover_enabled=\u00bboff\u00bb button_two_text_color__hover_enabled=\u00bboff\u00bb button_border_width__hover_enabled=\u00bboff\u00bb button_one_border_width__hover_enabled=\u00bboff\u00bb button_two_border_width__hover_enabled=\u00bboff\u00bb button_border_color__hover_enabled=\u00bboff\u00bb button_one_border_color__hover_enabled=\u00bboff\u00bb button_two_border_color__hover_enabled=\u00bboff\u00bb button_border_radius__hover_enabled=\u00bboff\u00bb button_one_border_radius__hover_enabled=\u00bboff\u00bb button_two_border_radius__hover_enabled=\u00bboff\u00bb button_letter_spacing__hover_enabled=\u00bboff\u00bb button_one_letter_spacing__hover_enabled=\u00bboff\u00bb button_two_letter_spacing__hover_enabled=\u00bboff\u00bb button_bg_color__hover_enabled=\u00bboff\u00bb button_one_bg_color__hover_enabled=\u00bboff\u00bb button_two_bg_color__hover_enabled=\u00bboff\u00bb][\/et_pb_contact_field][et_pb_contact_field field_id=\u00bbcountry\u00bb field_title=\u00bbPa\u00eds\u00bb _builder_version=\u00bb4.16&#8243; _module_preset=\u00bbdefault\u00bb use_field_icon=\u00bbon\u00bb field_icon=\u00bb&#xf024;||fa||400&#8243; global_colors_info=\u00bb{}\u00bb][\/et_pb_contact_field][et_pb_contact_field field_id=\u00bbtreatment\u00bb field_title=\u00bbTratada por\u00bb required_mark=\u00bboff\u00bb _builder_version=\u00bb4.16&#8243; _module_preset=\u00bbdefault\u00bb global_colors_info=\u00bb{}\u00bb][\/et_pb_contact_field][et_pb_contact_field field_id=\u00bbMessage\u00bb field_title=\u00bbTestimonio\u00bb field_type=\u00bbtext\u00bb fullwidth_field=\u00bbon\u00bb _builder_version=\u00bb4.16&#8243; global_colors_info=\u00bb{}\u00bb button_text_size__hover_enabled=\u00bboff\u00bb button_one_text_size__hover_enabled=\u00bboff\u00bb button_two_text_size__hover_enabled=\u00bboff\u00bb button_text_color__hover_enabled=\u00bboff\u00bb button_one_text_color__hover_enabled=\u00bboff\u00bb button_two_text_color__hover_enabled=\u00bboff\u00bb button_border_width__hover_enabled=\u00bboff\u00bb button_one_border_width__hover_enabled=\u00bboff\u00bb button_two_border_width__hover_enabled=\u00bboff\u00bb button_border_color__hover_enabled=\u00bboff\u00bb button_one_border_color__hover_enabled=\u00bboff\u00bb button_two_border_color__hover_enabled=\u00bboff\u00bb button_border_radius__hover_enabled=\u00bboff\u00bb button_one_border_radius__hover_enabled=\u00bboff\u00bb button_two_border_radius__hover_enabled=\u00bboff\u00bb button_letter_spacing__hover_enabled=\u00bboff\u00bb button_one_letter_spacing__hover_enabled=\u00bboff\u00bb button_two_letter_spacing__hover_enabled=\u00bboff\u00bb button_bg_color__hover_enabled=\u00bboff\u00bb button_one_bg_color__hover_enabled=\u00bboff\u00bb button_two_bg_color__hover_enabled=\u00bboff\u00bb][\/et_pb_contact_field][et_pb_contact_field field_id=\u00bbmedia\u00bb field_title=\u00bbSube tus fotos o v\u00eddeos\u00bb fullwidth_field=\u00bbon\u00bb _builder_version=\u00bb4.16&#8243; _module_preset=\u00bbdefault\u00bb use_file_upload=\u00bbon\u00bb file_size=\u00bb10240&#8243; files_limit=\u00bb3&#8243; file_mime=\u00bbon|on|on|on|off|off|off|off|off|off|on|off\u00bb global_colors_info=\u00bb{}\u00bb][\/et_pb_contact_field][et_pb_contact_field field_id=\u00bbonlinevideo\u00bb field_title=\u00bbSi su v\u00eddeo ya est\u00e1 en l\u00ednea, inserte aqu\u00ed la URL (Youtube, Facebook&#8230;)\u00bb required_mark=\u00bboff\u00bb fullwidth_field=\u00bbon\u00bb _builder_version=\u00bb4.16&#8243; _module_preset=\u00bbdefault\u00bb use_field_icon=\u00bbon\u00bb field_icon=\u00bb&#xe0a3;||divi||400&#8243; global_colors_info=\u00bb{}\u00bb][\/et_pb_contact_field][\/et_pb_contact_form][\/et_pb_column][et_pb_column type=\u00bb1_5&#8243; _builder_version=\u00bb4.16&#8243; _module_preset=\u00bbdefault\u00bb global_colors_info=\u00bb{}\u00bb][\/et_pb_column][\/et_pb_row][\/et_pb_section]<\/p>\n","protected":false},"excerpt":{"rendered":"<p>Env\u00ede su testimonio Autorizaci\u00f3n de uso de V\u00cdDEOS \/ FOTOS \/ IM\u00c1GENES POR FAVOR, LEA EL SIGUIENTE ACUERDO Y RELLENE EL FORMULARIO EN CONSECUENCIA.Por la presente cedo a Worldwide Health Opportunities whopp.org el derecho y el permiso para utilizar los derechos de mi imagen, mi semejanza y el sonido de mi voz, tal y como [&hellip;]<\/p>\n","protected":false},"author":1,"featured_media":0,"parent":0,"menu_order":0,"comment_status":"closed","ping_status":"closed","template":"","meta":{"_et_pb_use_builder":"on","_et_pb_old_content":"","_et_gb_content_width":"","inline_featured_image":false,"footnotes":""},"class_list":["post-585","page","type-page","status-publish","hentry"],"yoast_head":"<!-- This site is optimized with the Yoast SEO plugin v27.5 - https:\/\/yoast.com\/product\/yoast-seo-wordpress\/ -->\n<title>Autorizaci\u00f3n de uso de V\u00cdDEOS \/ FOTOS \/ IM\u00c1GENES - Worldwide Health Opportunities<\/title>\n<meta name=\"robots\" content=\"index, follow, max-snippet:-1, max-image-preview:large, max-video-preview:-1\" \/>\n<link rel=\"canonical\" href=\"https:\/\/whopp.org\/es\/autorizacion-de-uso-de-videos-fotos-imagenes\/\" \/>\n<meta property=\"og:locale\" content=\"es_ES\" \/>\n<meta property=\"og:type\" content=\"article\" \/>\n<meta property=\"og:title\" content=\"Autorizaci\u00f3n de uso de V\u00cdDEOS \/ FOTOS \/ IM\u00c1GENES - Worldwide Health Opportunities\" \/>\n<meta property=\"og:description\" content=\"Env\u00ede su testimonio Autorizaci\u00f3n de uso de V\u00cdDEOS \/ FOTOS \/ IM\u00c1GENES POR FAVOR, LEA EL SIGUIENTE ACUERDO Y RELLENE EL FORMULARIO EN CONSECUENCIA.Por la presente cedo a Worldwide Health Opportunities whopp.org el derecho y el permiso para utilizar los derechos de mi imagen, mi semejanza y el sonido de mi voz, tal y como [&hellip;]\" \/>\n<meta property=\"og:url\" content=\"https:\/\/whopp.org\/es\/autorizacion-de-uso-de-videos-fotos-imagenes\/\" \/>\n<meta property=\"og:site_name\" content=\"Worldwide Health Opportunities\" \/>\n<meta property=\"article:publisher\" content=\"https:\/\/www.facebook.com\/WHOPP.ORG\/\" \/>\n<meta property=\"article:modified_time\" content=\"2022-05-10T00:46:40+00:00\" \/>\n<meta name=\"twitter:card\" content=\"summary_large_image\" \/>\n<script type=\"application\/ld+json\" class=\"yoast-schema-graph\">{\"@context\":\"https:\\\/\\\/schema.org\",\"@graph\":[{\"@type\":\"WebPage\",\"@id\":\"https:\\\/\\\/whopp.org\\\/es\\\/autorizacion-de-uso-de-videos-fotos-imagenes\\\/\",\"url\":\"https:\\\/\\\/whopp.org\\\/es\\\/autorizacion-de-uso-de-videos-fotos-imagenes\\\/\",\"name\":\"Autorizaci\u00f3n de uso de V\u00cdDEOS \\\/ FOTOS \\\/ IM\u00c1GENES - Worldwide Health Opportunities\",\"isPartOf\":{\"@id\":\"https:\\\/\\\/whopp.org\\\/#website\"},\"datePublished\":\"2022-03-04T02:57:38+00:00\",\"dateModified\":\"2022-05-10T00:46:40+00:00\",\"breadcrumb\":{\"@id\":\"https:\\\/\\\/whopp.org\\\/es\\\/autorizacion-de-uso-de-videos-fotos-imagenes\\\/#breadcrumb\"},\"inLanguage\":\"es\",\"potentialAction\":[{\"@type\":\"ReadAction\",\"target\":[\"https:\\\/\\\/whopp.org\\\/es\\\/autorizacion-de-uso-de-videos-fotos-imagenes\\\/\"]}]},{\"@type\":\"BreadcrumbList\",\"@id\":\"https:\\\/\\\/whopp.org\\\/es\\\/autorizacion-de-uso-de-videos-fotos-imagenes\\\/#breadcrumb\",\"itemListElement\":[{\"@type\":\"ListItem\",\"position\":1,\"name\":\"Home\",\"item\":\"https:\\\/\\\/whopp.org\\\/es\\\/hogar\\\/\"},{\"@type\":\"ListItem\",\"position\":2,\"name\":\"Autorizaci\u00f3n de uso de V\u00cdDEOS \\\/ FOTOS \\\/ IM\u00c1GENES\"}]},{\"@type\":\"WebSite\",\"@id\":\"https:\\\/\\\/whopp.org\\\/#website\",\"url\":\"https:\\\/\\\/whopp.org\\\/\",\"name\":\"Worldwide Health Opportunities\",\"description\":\"No one shall be denied affordable medicines\",\"publisher\":{\"@id\":\"https:\\\/\\\/whopp.org\\\/#organization\"},\"potentialAction\":[{\"@type\":\"SearchAction\",\"target\":{\"@type\":\"EntryPoint\",\"urlTemplate\":\"https:\\\/\\\/whopp.org\\\/?s={search_term_string}\"},\"query-input\":{\"@type\":\"PropertyValueSpecification\",\"valueRequired\":true,\"valueName\":\"search_term_string\"}}],\"inLanguage\":\"es\"},{\"@type\":\"Organization\",\"@id\":\"https:\\\/\\\/whopp.org\\\/#organization\",\"name\":\"Worldwide Health Opportunities S\u00e0rl\",\"url\":\"https:\\\/\\\/whopp.org\\\/\",\"logo\":{\"@type\":\"ImageObject\",\"inLanguage\":\"es\",\"@id\":\"https:\\\/\\\/whopp.org\\\/#\\\/schema\\\/logo\\\/image\\\/\",\"url\":\"https:\\\/\\\/whopp.org\\\/wp-content\\\/uploads\\\/Worldwide-Health-Opportunities-LOGO-Retina.png\",\"contentUrl\":\"https:\\\/\\\/whopp.org\\\/wp-content\\\/uploads\\\/Worldwide-Health-Opportunities-LOGO-Retina.png\",\"width\":500,\"height\":150,\"caption\":\"Worldwide Health Opportunities S\u00e0rl\"},\"image\":{\"@id\":\"https:\\\/\\\/whopp.org\\\/#\\\/schema\\\/logo\\\/image\\\/\"},\"sameAs\":[\"https:\\\/\\\/www.facebook.com\\\/WHOPP.ORG\\\/\",\"https:\\\/\\\/www.instagram.com\\\/worldwidehealthopportunities\\\/\",\"https:\\\/\\\/www.linkedin.com\\\/company\\\/worldwide-health-opportunities-whopp\",\"https:\\\/\\\/www.youtube.com\\\/channel\\\/UCzSrk4-_JstEAna3QA8QmuA\"]}]}<\/script>\n<!-- \/ Yoast SEO plugin. -->","yoast_head_json":{"title":"Autorizaci\u00f3n de uso de V\u00cdDEOS \/ FOTOS \/ IM\u00c1GENES - Worldwide Health Opportunities","robots":{"index":"index","follow":"follow","max-snippet":"max-snippet:-1","max-image-preview":"max-image-preview:large","max-video-preview":"max-video-preview:-1"},"canonical":"https:\/\/whopp.org\/es\/autorizacion-de-uso-de-videos-fotos-imagenes\/","og_locale":"es_ES","og_type":"article","og_title":"Autorizaci\u00f3n de uso de V\u00cdDEOS \/ FOTOS \/ IM\u00c1GENES - Worldwide Health Opportunities","og_description":"Env\u00ede su testimonio Autorizaci\u00f3n de uso de V\u00cdDEOS \/ FOTOS \/ IM\u00c1GENES POR FAVOR, LEA EL SIGUIENTE ACUERDO Y RELLENE EL FORMULARIO EN CONSECUENCIA.Por la presente cedo a Worldwide Health Opportunities whopp.org el derecho y el permiso para utilizar los derechos de mi imagen, mi semejanza y el sonido de mi voz, tal y como [&hellip;]","og_url":"https:\/\/whopp.org\/es\/autorizacion-de-uso-de-videos-fotos-imagenes\/","og_site_name":"Worldwide Health Opportunities","article_publisher":"https:\/\/www.facebook.com\/WHOPP.ORG\/","article_modified_time":"2022-05-10T00:46:40+00:00","twitter_card":"summary_large_image","schema":{"@context":"https:\/\/schema.org","@graph":[{"@type":"WebPage","@id":"https:\/\/whopp.org\/es\/autorizacion-de-uso-de-videos-fotos-imagenes\/","url":"https:\/\/whopp.org\/es\/autorizacion-de-uso-de-videos-fotos-imagenes\/","name":"Autorizaci\u00f3n de uso de V\u00cdDEOS \/ FOTOS \/ IM\u00c1GENES - Worldwide Health Opportunities","isPartOf":{"@id":"https:\/\/whopp.org\/#website"},"datePublished":"2022-03-04T02:57:38+00:00","dateModified":"2022-05-10T00:46:40+00:00","breadcrumb":{"@id":"https:\/\/whopp.org\/es\/autorizacion-de-uso-de-videos-fotos-imagenes\/#breadcrumb"},"inLanguage":"es","potentialAction":[{"@type":"ReadAction","target":["https:\/\/whopp.org\/es\/autorizacion-de-uso-de-videos-fotos-imagenes\/"]}]},{"@type":"BreadcrumbList","@id":"https:\/\/whopp.org\/es\/autorizacion-de-uso-de-videos-fotos-imagenes\/#breadcrumb","itemListElement":[{"@type":"ListItem","position":1,"name":"Home","item":"https:\/\/whopp.org\/es\/hogar\/"},{"@type":"ListItem","position":2,"name":"Autorizaci\u00f3n de uso de V\u00cdDEOS \/ FOTOS \/ IM\u00c1GENES"}]},{"@type":"WebSite","@id":"https:\/\/whopp.org\/#website","url":"https:\/\/whopp.org\/","name":"Worldwide Health Opportunities","description":"No one shall be denied affordable medicines","publisher":{"@id":"https:\/\/whopp.org\/#organization"},"potentialAction":[{"@type":"SearchAction","target":{"@type":"EntryPoint","urlTemplate":"https:\/\/whopp.org\/?s={search_term_string}"},"query-input":{"@type":"PropertyValueSpecification","valueRequired":true,"valueName":"search_term_string"}}],"inLanguage":"es"},{"@type":"Organization","@id":"https:\/\/whopp.org\/#organization","name":"Worldwide Health Opportunities S\u00e0rl","url":"https:\/\/whopp.org\/","logo":{"@type":"ImageObject","inLanguage":"es","@id":"https:\/\/whopp.org\/#\/schema\/logo\/image\/","url":"https:\/\/whopp.org\/wp-content\/uploads\/Worldwide-Health-Opportunities-LOGO-Retina.png","contentUrl":"https:\/\/whopp.org\/wp-content\/uploads\/Worldwide-Health-Opportunities-LOGO-Retina.png","width":500,"height":150,"caption":"Worldwide Health Opportunities S\u00e0rl"},"image":{"@id":"https:\/\/whopp.org\/#\/schema\/logo\/image\/"},"sameAs":["https:\/\/www.facebook.com\/WHOPP.ORG\/","https:\/\/www.instagram.com\/worldwidehealthopportunities\/","https:\/\/www.linkedin.com\/company\/worldwide-health-opportunities-whopp","https:\/\/www.youtube.com\/channel\/UCzSrk4-_JstEAna3QA8QmuA"]}]}},"_links":{"self":[{"href":"https:\/\/whopp.org\/es\/wp-json\/wp\/v2\/pages\/585","targetHints":{"allow":["GET"]}}],"collection":[{"href":"https:\/\/whopp.org\/es\/wp-json\/wp\/v2\/pages"}],"about":[{"href":"https:\/\/whopp.org\/es\/wp-json\/wp\/v2\/types\/page"}],"author":[{"embeddable":true,"href":"https:\/\/whopp.org\/es\/wp-json\/wp\/v2\/users\/1"}],"replies":[{"embeddable":true,"href":"https:\/\/whopp.org\/es\/wp-json\/wp\/v2\/comments?post=585"}],"version-history":[{"count":5,"href":"https:\/\/whopp.org\/es\/wp-json\/wp\/v2\/pages\/585\/revisions"}],"predecessor-version":[{"id":660,"href":"https:\/\/whopp.org\/es\/wp-json\/wp\/v2\/pages\/585\/revisions\/660"}],"wp:attachment":[{"href":"https:\/\/whopp.org\/es\/wp-json\/wp\/v2\/media?parent=585"}],"curies":[{"name":"wp","href":"https:\/\/api.w.org\/{rel}","templated":true}]}}