{"id":569,"date":"2022-02-28T06:57:28","date_gmt":"2022-02-28T05:57:28","guid":{"rendered":"https:\/\/whopp.sbs\/solicitar-un-presupuesto\/"},"modified":"2022-02-28T06:57:28","modified_gmt":"2022-02-28T05:57:28","slug":"solicitar-un-presupuesto","status":"publish","type":"page","link":"https:\/\/whopp.org\/es\/solicitar-un-presupuesto\/","title":{"rendered":"Solicitar un presupuesto"},"content":{"rendered":"\n<div class=\"woocommerce ywraq-wrapper ywraq-empty ywraq-with-form\">\n\t\t\t<div id=\"yith-ywraq-message\"><div class=\"ywraq-question-message\">\n\t<\/div>\n<\/div>\n\t\t\n\t\t\t\t<div class=\"ywraq-form-table-wrapper vertical\">\n\t\t\t<div class=\"ywraq-before-form\">\n\t<p class=\"ywraq_list_empty_message\">Tu lista est\u00e1 vac\u00eda, a\u00f1ade productos a la lista para enviar una solicitud<p><p class=\"return-to-shop\"><a class=\"button wc-backward\" href=\"https:\/\/whopp.org\/shop\/\">Volver a la tienda<\/a><\/p><\/div>\n\t\t\t\t\t\t\t\t\t\t\t\t<div class=\"yith-ywraq-mail-form-wrapper\">\n\t<h3>Rellene su solicitud de presupuesto de medicamentos<\/h3>\n\t<form id=\"yith-ywraq-default-form\" name=\"yith-ywraq-default-form\"\n\t\taction=\"https:\/\/whopp.org\/es\/solicitar-un-presupuesto\/\" method=\"post\"\n\t\tenctype=\"multipart\/form-data\">\n\t\t<input type=\"hidden\" id=\"yith-ywraq-default-form-sent\" name=\"yith-ywraq-default-form-sent\" value=\"1\">\n\t\t\t\t<p class=\"form-row form-row-first validate-required\" id=\"first_name_field\" data-priority=\"\"><label for=\"first_name\" class=\"required_field\">Nombre&nbsp;<span class=\"required\" aria-hidden=\"true\">*<\/span><\/label><span class=\"woocommerce-input-wrapper\"><input type=\"text\" class=\"input-text \" name=\"first_name\" id=\"first_name\" placeholder=\"\"  value=\"\" aria-required=\"true\" \/><\/span><\/p><p class=\"form-row form-row-last validate-required\" id=\"last_name_field\" data-priority=\"\"><label for=\"last_name\" class=\"required_field\">Apellido&nbsp;<span class=\"required\" aria-hidden=\"true\">*<\/span><\/label><span class=\"woocommerce-input-wrapper\"><input type=\"text\" class=\"input-text \" name=\"last_name\" id=\"last_name\" placeholder=\"\"  value=\"\" aria-required=\"true\" \/><\/span><\/p><p class=\"form-row form-row-first validate-required\" id=\"email_field\" data-priority=\"\"><label for=\"email\" class=\"required_field\">Email&nbsp;<span class=\"required\" aria-hidden=\"true\">*<\/span><\/label><span class=\"woocommerce-input-wrapper\"><input type=\"email\" class=\"input-text \" name=\"email\" id=\"email\" placeholder=\"\"  value=\"\" aria-required=\"true\" \/><\/span><\/p><p class=\"form-row form-row-last validate-required\" id=\"your_mobile_phone_field\" data-priority=\"\"><label for=\"your_mobile_phone\" class=\"required_field\">Tu tel\u00e9fono m\u00f3vil&nbsp;<span class=\"required\" aria-hidden=\"true\">*<\/span><\/label><span class=\"woocommerce-input-wrapper\"><input type=\"text\" class=\"input-text \" name=\"your_mobile_phone\" id=\"your_mobile_phone\" placeholder=\"\"  value=\"\" aria-required=\"true\" \/><\/span><\/p><p class=\"form-row form-row-wide\" id=\"message_field\" data-priority=\"\"><label for=\"message\" class=\"\">Mensaje&nbsp;<span class=\"optional\">(opcional)<\/span><\/label><span class=\"woocommerce-input-wrapper\"><textarea name=\"message\" class=\"input-text \" id=\"message\" placeholder=\"\u00bfAlguna informaci\u00f3n o petici\u00f3n adicional?\"  rows=\"2\" cols=\"5\"><\/textarea><\/span><\/p><p class=\"form-row form-row-wide validate-required\" id=\"upload_your_prescription_field\">\n\t\t\t<label for=\"\"\n\t\t\t\t\tclass=\"required_field\">\n\t\t\t\tSuba la receta de su m\u00e9dico. No se realizar\u00e1 ning\u00fan pedido sin una receta v\u00e1lida <abbr class=\"required\" title=\"necesario\">*<\/abbr>\t\t\t<\/label>\n\t\t\t<input name=\"upload_your_prescription\" id=\"upload_your_prescription\" type=\"file\"\n\t\t\t\t\tclass=\"ywraq-upload-type input-text input-upload form-row-wide validate-required\"\n\t\t\t\t\tplaceholder=\"\"\n\t\t\t\t\tdata-max-size=\"5\"\n\t\t\t\t\tdata-allowed=\"jpeg,jpg,png,gif,bmp,tiff,doc,docx,pdf\">\n\n\t\t\t<\/p><p class=\"form-row form-row-first validate-required\" id=\"medicine_name__quantity_field\" data-priority=\"\"><label for=\"medicine_name__quantity\" class=\"required_field\">Nombre del medicamento&nbsp;<span class=\"required\" aria-hidden=\"true\">*<\/span><\/label><span class=\"woocommerce-input-wrapper\"><input type=\"text\" class=\"input-text \" name=\"medicine_name__quantity\" id=\"medicine_name__quantity\" placeholder=\"\"  value=\"\" aria-required=\"true\" \/><\/span><\/p><p class=\"form-row form-row-last validate-required\" id=\"medicine_quantity__type_field\" data-priority=\"\"><label for=\"medicine_quantity__type\" class=\"required_field\">Cantidad y tipo de medicamentos&nbsp;<span class=\"required\" aria-hidden=\"true\">*<\/span><\/label><span class=\"woocommerce-input-wrapper\"><input type=\"text\" class=\"input-text \" name=\"medicine_quantity__type\" id=\"medicine_quantity__type\" placeholder=\"\"  value=\"\" aria-required=\"true\" \/><\/span><\/p><p class=\"form-row form-row-first\" id=\"medicine_name__quantity_1_field\" data-priority=\"\"><label for=\"medicine_name__quantity_1\" class=\"\">Nombre del medicamento&nbsp;<span class=\"optional\">(opcional)<\/span><\/label><span class=\"woocommerce-input-wrapper\"><input type=\"text\" class=\"input-text \" name=\"medicine_name__quantity_1\" id=\"medicine_name__quantity_1\" placeholder=\"\"  value=\"\"  \/><\/span><\/p><p class=\"form-row form-row-last\" id=\"medicine_quantity__type_1_field\" data-priority=\"\"><label for=\"medicine_quantity__type_1\" class=\"\">Cantidad y tipo de medicamentos&nbsp;<span class=\"optional\">(opcional)<\/span><\/label><span class=\"woocommerce-input-wrapper\"><input type=\"text\" class=\"input-text \" name=\"medicine_quantity__type_1\" id=\"medicine_quantity__type_1\" placeholder=\"\"  value=\"\"  \/><\/span><\/p><p class=\"form-row form-row-first validate-required\" id=\"patient_full_name_field\" data-priority=\"\"><label for=\"patient_full_name\" class=\"required_field\">Nombre completo del paciente&nbsp;<span class=\"required\" aria-hidden=\"true\">*<\/span><\/label><span class=\"woocommerce-input-wrapper\"><input type=\"text\" class=\"input-text \" name=\"patient_full_name\" id=\"patient_full_name\" placeholder=\"\"  value=\"\" aria-required=\"true\" \/><\/span><\/p><p class=\"form-row form-row-last validate-required\" id=\"patient_id_number_field\" data-priority=\"\"><label for=\"patient_id_number\" class=\"required_field\">N\u00famero de identificaci\u00f3n del paciente&nbsp;<span class=\"required\" aria-hidden=\"true\">*<\/span><\/label><span class=\"woocommerce-input-wrapper\"><input type=\"text\" class=\"input-text \" name=\"patient_id_number\" id=\"patient_id_number\" placeholder=\"\"  value=\"\" aria-required=\"true\" \/><\/span><\/p><p class=\"form-row form-row-wide validate-required\" id=\"your_address_field\" data-priority=\"\"><label for=\"your_address\" class=\"required_field\">Direcci\u00f3n de entrega&nbsp;<span class=\"required\" aria-hidden=\"true\">*<\/span><\/label><span class=\"woocommerce-input-wrapper\"><input type=\"text\" class=\"input-text \" name=\"your_address\" id=\"your_address\" placeholder=\"\"  value=\"\" aria-required=\"true\" \/><\/span><\/p><p class=\"form-row form-row-wide\" id=\"additional_address_information_field\" data-priority=\"\"><label for=\"additional_address_information\" class=\"\">Informaci\u00f3n adicional sobre la direcci\u00f3n&nbsp;<span class=\"optional\">(opcional)<\/span><\/label><span class=\"woocommerce-input-wrapper\"><input type=\"text\" class=\"input-text \" name=\"additional_address_information\" id=\"additional_address_information\" placeholder=\"\"  value=\"\"  \/><\/span><\/p><p class=\"form-row form-row-first validate-required\" id=\"postcode_field\" data-priority=\"\"><label for=\"postcode\" class=\"required_field\">C\u00f3digo postal&nbsp;<span class=\"required\" aria-hidden=\"true\">*<\/span><\/label><span class=\"woocommerce-input-wrapper\"><input type=\"text\" class=\"input-text \" name=\"postcode\" id=\"postcode\" placeholder=\"\"  value=\"\" aria-required=\"true\" \/><\/span><\/p><p class=\"form-row form-row-last validate-required\" id=\"city_or_town_field\" data-priority=\"\"><label for=\"city_or_town\" class=\"required_field\">Ciudad o pueblo&nbsp;<span class=\"required\" aria-hidden=\"true\">*<\/span><\/label><span class=\"woocommerce-input-wrapper\"><input type=\"text\" class=\"input-text \" name=\"city_or_town\" id=\"city_or_town\" placeholder=\"\"  value=\"\" aria-required=\"true\" \/><\/span><\/p><p class=\"form-row form-row-first validate-required\" id=\"country_field\" data-priority=\"\"><label for=\"country\" class=\"required_field\">Pa\u00eds&nbsp;<span class=\"required\" aria-hidden=\"true\">*<\/span><\/label><span class=\"woocommerce-input-wrapper\"><input type=\"text\" class=\"input-text \" name=\"country\" id=\"country\" placeholder=\"\"  value=\"\" aria-required=\"true\" \/><\/span><\/p><p class=\"form-row form-row-last\" id=\"promo_code_field\" data-priority=\"\"><label for=\"promo_code\" class=\"\">C\u00f3digo promocional&nbsp;<span class=\"optional\">(opcional)<\/span><\/label><span class=\"woocommerce-input-wrapper\"><input type=\"text\" class=\"input-text \" name=\"promo_code\" id=\"promo_code\" placeholder=\"\"  value=\"\"  \/><\/span><\/p><p class=\"form-row form-row-wide validate-required\" id=\"agree_terms_conditions_field\">\n\t\t\t<span\n\t\t\t\tclass=\"ywraq_acceptance_description\">He le\u00eddo el <a href=\"https:\/\/whopp.org\/es\/condiciones-legales-y-generales\/\" class=\"woocommerce-terms-and-conditions-link\" target=\"_blank\">t\u00e9rminos y condiciones<\/a> de Whopp.org<\/span>\n\t\t\t<input type=\"checkbox\" name=\"agree_terms_conditions\"\n\t\t\t\t\tid=\"agree_terms_conditions\" required>\n\t\t\t<label for=\"agree_terms_conditions\"\n\t\t\t\t\tclass=\"ywraq_acceptance_label required_field\">\n\t\t\t\ty estoy de acuerdo.  <abbr class=\"required\" title=\"necesario\">*<\/abbr><\/label>\n\t\t\t<\/p>\n\t\t\t\t\t\t\t\t<div class=\"woocommerce-account-fields\">\n\t\t\t\t\n\t\t\t\t\t\t\t\t\t<div class=\"create-account\">\n\t\t\t\t\t\t\t\t\t\t\t\t\t<p class=\"form-row validate-required\" id=\"account_password_field\" data-priority=\"\"><label for=\"account_password\" class=\"required_field\">Crear una contrase\u00f1a para la cuenta&nbsp;<span class=\"required\" aria-hidden=\"true\">*<\/span><\/label><span class=\"woocommerce-input-wrapper\"><input type=\"password\" class=\"input-text \" name=\"account_password\" id=\"account_password\" placeholder=\"Contrase\u00f1a\"  value=\"\" aria-required=\"true\" autocomplete=\"new-password\" \/><\/span><\/p>\t\t\t\t\t\t\t\t\t\t\t\t<div class=\"clear\"><\/div>\n\t\t\t\t\t<\/div>\n\t\t\t\t\t\t\t<\/div>\n\t\t\t\t\t\n\t\t\n\t\t\n\t\t<p class=\"form-row form-row-wide raq-send-request-row\">\n\t\t\t<input type=\"hidden\" id=\"ywraq-mail-wpnonce\" name=\"ywraq_mail_wpnonce\"\n\t\t\t\tvalue=\"1cdd0330bb\">\n\t\t\t<input class=\"button raq-send-request last\" type=\"submit\"\n\t\t\t\tvalue=\"Enviar tu solicitud\">\n\t\t<\/p>\n\n\t\t\t\t\t<input type=\"hidden\" class=\"lang_param\" name=\"lang\" value=\"es\"\/>\n\t\t\n\t\t\t<\/form>\n<\/div>\n\t\t\t\t\t\t\t\t\t\t\t\t\t\t<\/div>\n\t<\/div>\n\n","protected":false},"excerpt":{"rendered":"","protected":false},"author":1,"featured_media":0,"parent":0,"menu_order":0,"comment_status":"closed","ping_status":"closed","template":"","meta":{"_et_pb_use_builder":"","_et_pb_old_content":"","_et_gb_content_width":"","inline_featured_image":false,"footnotes":""},"class_list":["post-569","page","type-page","status-publish","hentry"],"yoast_head":"<!-- This site is optimized with the Yoast SEO plugin v27.6 - https:\/\/yoast.com\/product\/yoast-seo-wordpress\/ -->\n<title>Solicitar un presupuesto - Worldwide Health Opportunities<\/title>\n<meta name=\"robots\" content=\"index, follow, max-snippet:-1, max-image-preview:large, max-video-preview:-1\" \/>\n<link rel=\"canonical\" href=\"https:\/\/whopp.org\/es\/solicitar-un-presupuesto\/\" \/>\n<meta property=\"og:locale\" content=\"es_ES\" \/>\n<meta property=\"og:type\" content=\"article\" \/>\n<meta property=\"og:title\" content=\"Solicitar un presupuesto - Worldwide Health Opportunities\" \/>\n<meta property=\"og:url\" content=\"https:\/\/whopp.org\/es\/solicitar-un-presupuesto\/\" \/>\n<meta property=\"og:site_name\" content=\"Worldwide Health Opportunities\" \/>\n<meta property=\"article:publisher\" content=\"https:\/\/www.facebook.com\/WHOPP.ORG\/\" \/>\n<meta name=\"twitter:card\" content=\"summary_large_image\" \/>\n<script type=\"application\/ld+json\" class=\"yoast-schema-graph\">{\"@context\":\"https:\\\/\\\/schema.org\",\"@graph\":[{\"@type\":\"WebPage\",\"@id\":\"https:\\\/\\\/whopp.org\\\/es\\\/solicitar-un-presupuesto\\\/\",\"url\":\"https:\\\/\\\/whopp.org\\\/es\\\/solicitar-un-presupuesto\\\/\",\"name\":\"Solicitar un presupuesto - Worldwide Health Opportunities\",\"isPartOf\":{\"@id\":\"https:\\\/\\\/whopp.org\\\/#website\"},\"datePublished\":\"2022-02-28T05:57:28+00:00\",\"breadcrumb\":{\"@id\":\"https:\\\/\\\/whopp.org\\\/es\\\/solicitar-un-presupuesto\\\/#breadcrumb\"},\"inLanguage\":\"es\",\"potentialAction\":[{\"@type\":\"ReadAction\",\"target\":[\"https:\\\/\\\/whopp.org\\\/es\\\/solicitar-un-presupuesto\\\/\"]}]},{\"@type\":\"BreadcrumbList\",\"@id\":\"https:\\\/\\\/whopp.org\\\/es\\\/solicitar-un-presupuesto\\\/#breadcrumb\",\"itemListElement\":[{\"@type\":\"ListItem\",\"position\":1,\"name\":\"Home\",\"item\":\"https:\\\/\\\/whopp.org\\\/es\\\/hogar\\\/\"},{\"@type\":\"ListItem\",\"position\":2,\"name\":\"Solicitar un presupuesto\"}]},{\"@type\":\"WebSite\",\"@id\":\"https:\\\/\\\/whopp.org\\\/#website\",\"url\":\"https:\\\/\\\/whopp.org\\\/\",\"name\":\"Worldwide Health Opportunities\",\"description\":\"No one shall be denied affordable medicines\",\"publisher\":{\"@id\":\"https:\\\/\\\/whopp.org\\\/#organization\"},\"potentialAction\":[{\"@type\":\"SearchAction\",\"target\":{\"@type\":\"EntryPoint\",\"urlTemplate\":\"https:\\\/\\\/whopp.org\\\/?s={search_term_string}\"},\"query-input\":{\"@type\":\"PropertyValueSpecification\",\"valueRequired\":true,\"valueName\":\"search_term_string\"}}],\"inLanguage\":\"es\"},{\"@type\":\"Organization\",\"@id\":\"https:\\\/\\\/whopp.org\\\/#organization\",\"name\":\"Worldwide Health Opportunities S\u00e0rl\",\"url\":\"https:\\\/\\\/whopp.org\\\/\",\"logo\":{\"@type\":\"ImageObject\",\"inLanguage\":\"es\",\"@id\":\"https:\\\/\\\/whopp.org\\\/#\\\/schema\\\/logo\\\/image\\\/\",\"url\":\"https:\\\/\\\/whopp.org\\\/wp-content\\\/uploads\\\/Worldwide-Health-Opportunities-LOGO-Retina.png\",\"contentUrl\":\"https:\\\/\\\/whopp.org\\\/wp-content\\\/uploads\\\/Worldwide-Health-Opportunities-LOGO-Retina.png\",\"width\":500,\"height\":150,\"caption\":\"Worldwide Health Opportunities S\u00e0rl\"},\"image\":{\"@id\":\"https:\\\/\\\/whopp.org\\\/#\\\/schema\\\/logo\\\/image\\\/\"},\"sameAs\":[\"https:\\\/\\\/www.facebook.com\\\/WHOPP.ORG\\\/\",\"https:\\\/\\\/www.instagram.com\\\/worldwidehealthopportunities\\\/\",\"https:\\\/\\\/www.linkedin.com\\\/company\\\/worldwide-health-opportunities-whopp\",\"https:\\\/\\\/www.youtube.com\\\/channel\\\/UCzSrk4-_JstEAna3QA8QmuA\"]}]}<\/script>\n<!-- \/ Yoast SEO plugin. -->","yoast_head_json":{"title":"Solicitar un presupuesto - Worldwide Health Opportunities","robots":{"index":"index","follow":"follow","max-snippet":"max-snippet:-1","max-image-preview":"max-image-preview:large","max-video-preview":"max-video-preview:-1"},"canonical":"https:\/\/whopp.org\/es\/solicitar-un-presupuesto\/","og_locale":"es_ES","og_type":"article","og_title":"Solicitar un presupuesto - Worldwide Health Opportunities","og_url":"https:\/\/whopp.org\/es\/solicitar-un-presupuesto\/","og_site_name":"Worldwide Health Opportunities","article_publisher":"https:\/\/www.facebook.com\/WHOPP.ORG\/","twitter_card":"summary_large_image","schema":{"@context":"https:\/\/schema.org","@graph":[{"@type":"WebPage","@id":"https:\/\/whopp.org\/es\/solicitar-un-presupuesto\/","url":"https:\/\/whopp.org\/es\/solicitar-un-presupuesto\/","name":"Solicitar un presupuesto - Worldwide Health Opportunities","isPartOf":{"@id":"https:\/\/whopp.org\/#website"},"datePublished":"2022-02-28T05:57:28+00:00","breadcrumb":{"@id":"https:\/\/whopp.org\/es\/solicitar-un-presupuesto\/#breadcrumb"},"inLanguage":"es","potentialAction":[{"@type":"ReadAction","target":["https:\/\/whopp.org\/es\/solicitar-un-presupuesto\/"]}]},{"@type":"BreadcrumbList","@id":"https:\/\/whopp.org\/es\/solicitar-un-presupuesto\/#breadcrumb","itemListElement":[{"@type":"ListItem","position":1,"name":"Home","item":"https:\/\/whopp.org\/es\/hogar\/"},{"@type":"ListItem","position":2,"name":"Solicitar un presupuesto"}]},{"@type":"WebSite","@id":"https:\/\/whopp.org\/#website","url":"https:\/\/whopp.org\/","name":"Worldwide Health Opportunities","description":"No one shall be denied affordable medicines","publisher":{"@id":"https:\/\/whopp.org\/#organization"},"potentialAction":[{"@type":"SearchAction","target":{"@type":"EntryPoint","urlTemplate":"https:\/\/whopp.org\/?s={search_term_string}"},"query-input":{"@type":"PropertyValueSpecification","valueRequired":true,"valueName":"search_term_string"}}],"inLanguage":"es"},{"@type":"Organization","@id":"https:\/\/whopp.org\/#organization","name":"Worldwide Health Opportunities S\u00e0rl","url":"https:\/\/whopp.org\/","logo":{"@type":"ImageObject","inLanguage":"es","@id":"https:\/\/whopp.org\/#\/schema\/logo\/image\/","url":"https:\/\/whopp.org\/wp-content\/uploads\/Worldwide-Health-Opportunities-LOGO-Retina.png","contentUrl":"https:\/\/whopp.org\/wp-content\/uploads\/Worldwide-Health-Opportunities-LOGO-Retina.png","width":500,"height":150,"caption":"Worldwide Health Opportunities S\u00e0rl"},"image":{"@id":"https:\/\/whopp.org\/#\/schema\/logo\/image\/"},"sameAs":["https:\/\/www.facebook.com\/WHOPP.ORG\/","https:\/\/www.instagram.com\/worldwidehealthopportunities\/","https:\/\/www.linkedin.com\/company\/worldwide-health-opportunities-whopp","https:\/\/www.youtube.com\/channel\/UCzSrk4-_JstEAna3QA8QmuA"]}]}},"_links":{"self":[{"href":"https:\/\/whopp.org\/es\/wp-json\/wp\/v2\/pages\/569","targetHints":{"allow":["GET"]}}],"collection":[{"href":"https:\/\/whopp.org\/es\/wp-json\/wp\/v2\/pages"}],"about":[{"href":"https:\/\/whopp.org\/es\/wp-json\/wp\/v2\/types\/page"}],"author":[{"embeddable":true,"href":"https:\/\/whopp.org\/es\/wp-json\/wp\/v2\/users\/1"}],"replies":[{"embeddable":true,"href":"https:\/\/whopp.org\/es\/wp-json\/wp\/v2\/comments?post=569"}],"version-history":[{"count":0,"href":"https:\/\/whopp.org\/es\/wp-json\/wp\/v2\/pages\/569\/revisions"}],"wp:attachment":[{"href":"https:\/\/whopp.org\/es\/wp-json\/wp\/v2\/media?parent=569"}],"curies":[{"name":"wp","href":"https:\/\/api.w.org\/{rel}","templated":true}]}}